{"id":1025,"date":"2020-10-05T08:33:45","date_gmt":"2020-10-05T08:33:45","guid":{"rendered":"https:\/\/poidekirik.ee\/?page_id=1025"},"modified":"2021-04-27T15:56:03","modified_gmt":"2021-04-27T15:56:03","slug":"historia","status":"publish","type":"page","link":"https:\/\/poidekirik.ee\/?page_id=1025","title":{"rendered":"Kontakt"},"content":{"rendered":"\t\t<div data-elementor-type=\"wp-page\" data-elementor-id=\"1025\" class=\"elementor elementor-1025\" data-elementor-settings=\"[]\">\n\t\t\t\t\t\t<div class=\"elementor-inner\">\n\t\t\t\t\t\t\t<div class=\"elementor-section-wrap\">\n\t\t\t\t\t\t\t<section class=\"elementor-section elementor-top-section elementor-element elementor-element-f937beb elementor-section-boxed elementor-section-height-default elementor-section-height-default\" data-id=\"f937beb\" data-element_type=\"section\">\n\t\t\t\t\t\t<div class=\"elementor-container elementor-column-gap-default\">\n\t\t\t\t\t\t\t<div class=\"elementor-row\">\n\t\t\t\t\t<div class=\"elementor-column elementor-col-100 elementor-top-column elementor-element elementor-element-cbafbfb\" data-id=\"cbafbfb\" data-element_type=\"column\">\n\t\t\t<div class=\"elementor-column-wrap elementor-element-populated\">\n\t\t\t\t\t\t\t<div class=\"elementor-widget-wrap\">\n\t\t\t\t\t\t<div class=\"elementor-element elementor-element-2997b23 elementor-widget elementor-widget-image\" data-id=\"2997b23\" data-element_type=\"widget\" data-widget_type=\"image.default\">\n\t\t\t\t<div class=\"elementor-widget-container\">\n\t\t\t\t\t<div class=\"elementor-image\">\n\t\t\t\t\t\t\t\t\t\t<img decoding=\"async\" src=\"https:\/\/poidekirik.ee\/wp-content\/uploads\/elementor\/thumbs\/k5-owc4vuskev2m8sac6z4tryz0oes8mfv57m870kyq10.png\" title=\"k5\" alt=\"k5\" \/>\t\t\t\t\t\t\t\t\t\t\t<\/div>\n\t\t\t\t<\/div>\n\t\t\t\t<\/div>\n\t\t\t\t<div class=\"elementor-element elementor-element-0716946 elementor-widget elementor-widget-heading\" data-id=\"0716946\" data-element_type=\"widget\" data-widget_type=\"heading.default\">\n\t\t\t\t<div class=\"elementor-widget-container\">\n\t\t\t<h2 class=\"elementor-heading-title elementor-size-default\">Kontakt<\/h2>\t\t<\/div>\n\t\t\t\t<\/div>\n\t\t\t\t\t\t<\/div>\n\t\t\t\t\t<\/div>\n\t\t<\/div>\n\t\t\t\t\t\t\t\t<\/div>\n\t\t\t\t\t<\/div>\n\t\t<\/section>\n\t\t\t\t<section class=\"elementor-section elementor-top-section elementor-element elementor-element-f67b826 elementor-section-boxed elementor-section-height-default elementor-section-height-default\" data-id=\"f67b826\" data-element_type=\"section\">\n\t\t\t\t\t\t<div class=\"elementor-container elementor-column-gap-default\">\n\t\t\t\t\t\t\t<div class=\"elementor-row\">\n\t\t\t\t\t<div class=\"elementor-column elementor-col-100 elementor-top-column elementor-element elementor-element-02b8ad1\" data-id=\"02b8ad1\" data-element_type=\"column\">\n\t\t\t<div class=\"elementor-column-wrap elementor-element-populated\">\n\t\t\t\t\t\t\t<div class=\"elementor-widget-wrap\">\n\t\t\t\t\t\t<div class=\"elementor-element elementor-element-efd6863 elementor-widget elementor-widget-text-editor\" data-id=\"efd6863\" data-element_type=\"widget\" data-widget_type=\"text-editor.default\">\n\t\t\t\t<div class=\"elementor-widget-container\">\n\t\t\t\t\t<div class=\"elementor-text-editor elementor-clearfix\"><p>P\u00f6ide Maarja f\u00f6rsamling:<br \/>Postadress: P\u00f6ide Village,<br \/>Saaremaa kommun 94520, ESTLAND<br \/>E-post: poidekirik [at] gmail.com<br \/>Telefon: +372 51947844<\/p><p>Stiftelsen P\u00f6ide St. Mary&#8217;s Church,<br \/>kommersiell registerkod: 90010798<br \/>Postadress: P\u00f6ide Maarja Kiriku Sihtasutus,<br \/>P\u00f6ide Village, Saaremaa kommun 94520, ESTLAND<br \/>E-post: poidekirik [at] gmail.com<\/p><\/div>\n\t\t\t\t<\/div>\n\t\t\t\t<\/div>\n\t\t\t\t\t\t<\/div>\n\t\t\t\t\t<\/div>\n\t\t<\/div>\n\t\t\t\t\t\t\t\t<\/div>\n\t\t\t\t\t<\/div>\n\t\t<\/section>\n\t\t\t\t\t\t<\/div>\n\t\t\t\t\t\t<\/div>\n\t\t\t\t\t<\/div>\n\t\t","protected":false},"excerpt":{"rendered":"<p>Kontakt P\u00f6ide Maarja f\u00f6rsamling: Postadress: P\u00f6ide Village, Saaremaa kommun 94520, ESTLAND E-post: poidekirik [at] gmail.com Telefon: +372 51947844 Stiftelsen P\u00f6ide St. Mary&#8217;s Church, kommersiell registerkod: 90010798 Postadress: P\u00f6ide Maarja Kiriku Sihtasutus, P\u00f6ide Village, Saaremaa kommun 94520, ESTLAND E-post: poidekirik [at] gmail.com<\/p>\n","protected":false},"author":1,"featured_media":0,"parent":0,"menu_order":0,"comment_status":"closed","ping_status":"closed","template":"","meta":{"footnotes":""},"class_list":["post-1025","page","type-page","status-publish","hentry","post"],"_links":{"self":[{"href":"https:\/\/poidekirik.ee\/index.php?rest_route=\/wp\/v2\/pages\/1025","targetHints":{"allow":["GET"]}}],"collection":[{"href":"https:\/\/poidekirik.ee\/index.php?rest_route=\/wp\/v2\/pages"}],"about":[{"href":"https:\/\/poidekirik.ee\/index.php?rest_route=\/wp\/v2\/types\/page"}],"author":[{"embeddable":true,"href":"https:\/\/poidekirik.ee\/index.php?rest_route=\/wp\/v2\/users\/1"}],"replies":[{"embeddable":true,"href":"https:\/\/poidekirik.ee\/index.php?rest_route=%2Fwp%2Fv2%2Fcomments&post=1025"}],"version-history":[{"count":8,"href":"https:\/\/poidekirik.ee\/index.php?rest_route=\/wp\/v2\/pages\/1025\/revisions"}],"predecessor-version":[{"id":1793,"href":"https:\/\/poidekirik.ee\/index.php?rest_route=\/wp\/v2\/pages\/1025\/revisions\/1793"}],"wp:attachment":[{"href":"https:\/\/poidekirik.ee\/index.php?rest_route=%2Fwp%2Fv2%2Fmedia&parent=1025"}],"curies":[{"name":"wp","href":"https:\/\/api.w.org\/{rel}","templated":true}]}}