{"id":1030,"date":"2020-10-05T08:38:05","date_gmt":"2020-10-05T08:38:05","guid":{"rendered":"https:\/\/poidekirik.ee\/?page_id=1030"},"modified":"2021-04-30T05:53:04","modified_gmt":"2021-04-30T05:53:04","slug":"forsamling","status":"publish","type":"page","link":"https:\/\/poidekirik.ee\/?page_id=1030","title":{"rendered":"F\u00f6rsamling"},"content":{"rendered":"\t\t<div data-elementor-type=\"wp-page\" data-elementor-id=\"1030\" class=\"elementor elementor-1030\" data-elementor-settings=\"[]\">\n\t\t\t\t\t\t<div class=\"elementor-inner\">\n\t\t\t\t\t\t\t<div class=\"elementor-section-wrap\">\n\t\t\t\t\t\t\t<section class=\"elementor-section elementor-top-section elementor-element elementor-element-f937beb elementor-section-boxed elementor-section-height-default elementor-section-height-default\" data-id=\"f937beb\" data-element_type=\"section\">\n\t\t\t\t\t\t<div class=\"elementor-container elementor-column-gap-default\">\n\t\t\t\t\t\t\t<div class=\"elementor-row\">\n\t\t\t\t\t<div class=\"elementor-column elementor-col-100 elementor-top-column elementor-element elementor-element-cbafbfb\" data-id=\"cbafbfb\" data-element_type=\"column\">\n\t\t\t<div class=\"elementor-column-wrap elementor-element-populated\">\n\t\t\t\t\t\t\t<div class=\"elementor-widget-wrap\">\n\t\t\t\t\t\t<div class=\"elementor-element elementor-element-2997b23 elementor-widget elementor-widget-image\" data-id=\"2997b23\" data-element_type=\"widget\" data-widget_type=\"image.default\">\n\t\t\t\t<div class=\"elementor-widget-container\">\n\t\t\t\t\t<div class=\"elementor-image\">\n\t\t\t\t\t\t\t\t\t\t<img decoding=\"async\" src=\"https:\/\/poidekirik.ee\/wp-content\/uploads\/elementor\/thumbs\/risti-ja-kirkkokansa-taustalla-ok-owi1o3gixzd4qbcyrnnnefpkw0fl6dhmqae6zd1rus.png\" title=\"risti ja kirkkokansa taustalla ok\" alt=\"risti ja kirkkokansa taustalla ok\" \/>\t\t\t\t\t\t\t\t\t\t\t<\/div>\n\t\t\t\t<\/div>\n\t\t\t\t<\/div>\n\t\t\t\t<div class=\"elementor-element elementor-element-0716946 elementor-widget elementor-widget-heading\" data-id=\"0716946\" data-element_type=\"widget\" data-widget_type=\"heading.default\">\n\t\t\t\t<div class=\"elementor-widget-container\">\n\t\t\t<h2 class=\"elementor-heading-title elementor-size-default\">F\u00f6rsamling<\/h2>\t\t<\/div>\n\t\t\t\t<\/div>\n\t\t\t\t\t\t<\/div>\n\t\t\t\t\t<\/div>\n\t\t<\/div>\n\t\t\t\t\t\t\t\t<\/div>\n\t\t\t\t\t<\/div>\n\t\t<\/section>\n\t\t\t\t<section class=\"elementor-section elementor-top-section elementor-element elementor-element-f67b826 elementor-section-boxed elementor-section-height-default elementor-section-height-default\" data-id=\"f67b826\" data-element_type=\"section\">\n\t\t\t\t\t\t<div class=\"elementor-container elementor-column-gap-default\">\n\t\t\t\t\t\t\t<div class=\"elementor-row\">\n\t\t\t\t\t<div class=\"elementor-column elementor-col-100 elementor-top-column elementor-element elementor-element-02b8ad1\" data-id=\"02b8ad1\" data-element_type=\"column\">\n\t\t\t<div class=\"elementor-column-wrap elementor-element-populated\">\n\t\t\t\t\t\t\t<div class=\"elementor-widget-wrap\">\n\t\t\t\t\t\t<div class=\"elementor-element elementor-element-efd6863 elementor-widget elementor-widget-text-editor\" data-id=\"efd6863\" data-element_type=\"widget\" data-widget_type=\"text-editor.default\">\n\t\t\t\t<div class=\"elementor-widget-container\">\n\t\t\t\t\t<div class=\"elementor-text-editor elementor-clearfix\"><p><strong>Den estniska evangelisk-lutherska kyrkan<\/strong><br \/><strong>St. Mary&#8217;s Congregation of P\u00f6ide<\/strong><\/p><p>Reg nr 80210941<br \/>e-post: poide [at] eelk.ee<br \/>Adress: P\u00f6ide kirikla, 94520 Saaremaa vald, Saare maakond, ESTLAND<br \/>Pastor: pastor Veiko Vihuri, tel + 372 52 94 476<br \/>Styrelsens ordf\u00f6rande: Argo P\u00fcssim, tel +372 51947 844, argo.pyssim [at] gmail.com<\/p><p>Bankkonton:<br \/>EELK P\u00f6ide Maarja kogudus:<br \/>SWED EE292200001120136950<br \/>F\u00f6rsamlingens reparations- och orgelfond:<br \/>SWED EE232200221039772450<\/p><p class=\"p1\"><span class=\"s1\">Maria kyrkan i P\u00f6ide-kyrkan g\u00e5r tillbaka till 1200-talet.<\/span><\/p><p class=\"p1\"><span class=\"s1\">Den lutherska reformationen p\u00e5 1500-talet \u00e4gde rum utan st\u00f6rre sammandrabbningar.<\/span><\/p><p class=\"p1\"><span class=\"s1\">P\u00f6ide kyrkans f\u00f6rsamling reducerades avsev\u00e4rt av den ryska omvandlingsr\u00f6relsen i mitten av 1800-talet, 1848 hade 2\/3 av medlemmarna i P\u00f6ide-f\u00f6rsamlingen konverterat till den ryska ortodoxa tron.<\/span><\/p><p class=\"p1\"><span class=\"s1\">N\u00e4sta skada intr\u00e4ffade efter branden 1940 och i b\u00f6rjan av den andra sovjetiska ockupationen 1944. Kyrkan plundrades och st\u00e4ngdes.<\/span><\/p><p class=\"p1\"><span class=\"s1\">Fram till 1990 tillh\u00f6rde P\u00f6ide kyrka olika \u00e4gare, och d\u00e5 gick n\u00e5gra av medlemmarna i P\u00f6ide Maria kyrkan\u00a0 till f\u00f6rsamlingen i Valjana Martin kyrkan.<\/span><\/p><p class=\"p1\"><span class=\"s1\">Idag \u00e4gs kyrkan av den evangelisk-lutherska kyrkan i Estland, P\u00f6ide Maria f\u00f6rsamlingen (EELK P\u00f6ide Maarja kogudus), som omlanserades 1990.<\/span><\/p><p class=\"p1\"><span class=\"s1\">Gudstj\u00e4nster h\u00e5lls i kyrkan tv\u00e5 g\u00e5nger i m\u00e5naden under sommaren och b\u00f6rjar kl. 13.30 i det gamla pr\u00e4stg\u00e5rden under vintern.<\/span><\/p><\/div>\n\t\t\t\t<\/div>\n\t\t\t\t<\/div>\n\t\t\t\t\t\t<\/div>\n\t\t\t\t\t<\/div>\n\t\t<\/div>\n\t\t\t\t\t\t\t\t<\/div>\n\t\t\t\t\t<\/div>\n\t\t<\/section>\n\t\t\t\t\t\t<\/div>\n\t\t\t\t\t\t<\/div>\n\t\t\t\t\t<\/div>\n\t\t","protected":false},"excerpt":{"rendered":"<p>F\u00f6rsamling Den estniska evangelisk-lutherska kyrkanSt. Mary&#8217;s Congregation of P\u00f6ide Reg nr 80210941e-post: poide [at] eelk.eeAdress: P\u00f6ide kirikla, 94520 Saaremaa vald, Saare maakond, ESTLANDPastor: pastor Veiko Vihuri, tel + 372 52 94 476Styrelsens ordf\u00f6rande: Argo P\u00fcssim, tel +372 51947 844, argo.pyssim [at] gmail.com Bankkonton:EELK P\u00f6ide Maarja kogudus:SWED EE292200001120136950F\u00f6rsamlingens reparations- och orgelfond:SWED EE232200221039772450 Maria kyrkan i P\u00f6ide-kyrkan&hellip;<\/p>\n","protected":false},"author":1,"featured_media":0,"parent":0,"menu_order":0,"comment_status":"closed","ping_status":"closed","template":"","meta":{"footnotes":""},"class_list":["post-1030","page","type-page","status-publish","hentry","post"],"_links":{"self":[{"href":"https:\/\/poidekirik.ee\/index.php?rest_route=\/wp\/v2\/pages\/1030","targetHints":{"allow":["GET"]}}],"collection":[{"href":"https:\/\/poidekirik.ee\/index.php?rest_route=\/wp\/v2\/pages"}],"about":[{"href":"https:\/\/poidekirik.ee\/index.php?rest_route=\/wp\/v2\/types\/page"}],"author":[{"embeddable":true,"href":"https:\/\/poidekirik.ee\/index.php?rest_route=\/wp\/v2\/users\/1"}],"replies":[{"embeddable":true,"href":"https:\/\/poidekirik.ee\/index.php?rest_route=%2Fwp%2Fv2%2Fcomments&post=1030"}],"version-history":[{"count":9,"href":"https:\/\/poidekirik.ee\/index.php?rest_route=\/wp\/v2\/pages\/1030\/revisions"}],"predecessor-version":[{"id":1802,"href":"https:\/\/poidekirik.ee\/index.php?rest_route=\/wp\/v2\/pages\/1030\/revisions\/1802"}],"wp:attachment":[{"href":"https:\/\/poidekirik.ee\/index.php?rest_route=%2Fwp%2Fv2%2Fmedia&parent=1030"}],"curies":[{"name":"wp","href":"https:\/\/api.w.org\/{rel}","templated":true}]}}