{"id":1038,"date":"2020-10-05T08:45:01","date_gmt":"2020-10-05T08:45:01","guid":{"rendered":"https:\/\/poidekirik.ee\/?page_id=1038"},"modified":"2021-04-27T15:41:00","modified_gmt":"2021-04-27T15:41:00","slug":"handelse","status":"publish","type":"page","link":"https:\/\/poidekirik.ee\/?page_id=1038","title":{"rendered":"H\u00e4ndelse"},"content":{"rendered":"\t\t<div data-elementor-type=\"wp-page\" data-elementor-id=\"1038\" class=\"elementor elementor-1038\" data-elementor-settings=\"[]\">\n\t\t\t\t\t\t<div class=\"elementor-inner\">\n\t\t\t\t\t\t\t<div class=\"elementor-section-wrap\">\n\t\t\t\t\t\t\t<section class=\"elementor-section elementor-top-section elementor-element elementor-element-f937beb elementor-section-boxed elementor-section-height-default elementor-section-height-default\" data-id=\"f937beb\" data-element_type=\"section\">\n\t\t\t\t\t\t<div class=\"elementor-container elementor-column-gap-default\">\n\t\t\t\t\t\t\t<div class=\"elementor-row\">\n\t\t\t\t\t<div class=\"elementor-column elementor-col-100 elementor-top-column elementor-element elementor-element-cbafbfb\" data-id=\"cbafbfb\" data-element_type=\"column\">\n\t\t\t<div class=\"elementor-column-wrap elementor-element-populated\">\n\t\t\t\t\t\t\t<div class=\"elementor-widget-wrap\">\n\t\t\t\t\t\t<div class=\"elementor-element elementor-element-2997b23 elementor-widget elementor-widget-image\" data-id=\"2997b23\" data-element_type=\"widget\" data-widget_type=\"image.default\">\n\t\t\t\t<div class=\"elementor-widget-container\">\n\t\t\t\t\t<div class=\"elementor-image\">\n\t\t\t\t\t\t\t\t\t\t<img decoding=\"async\" src=\"https:\/\/poidekirik.ee\/wp-content\/uploads\/elementor\/thumbs\/kynttila\u0308t-ja-tyhja\u0308-sali-ok-1-owi26dfju0duhct81k2hvto8pqciui1qkr22x1y6v8.jpg\" title=\"kynttila\u0308t ja tyhja\u0308 sali ok\" alt=\"kynttila\u0308t ja tyhja\u0308 sali ok\" \/>\t\t\t\t\t\t\t\t\t\t\t<\/div>\n\t\t\t\t<\/div>\n\t\t\t\t<\/div>\n\t\t\t\t<div class=\"elementor-element elementor-element-0716946 elementor-widget elementor-widget-heading\" data-id=\"0716946\" data-element_type=\"widget\" data-widget_type=\"heading.default\">\n\t\t\t\t<div class=\"elementor-widget-container\">\n\t\t\t<h2 class=\"elementor-heading-title elementor-size-default\">H\u00e4ndelse<\/h2>\t\t<\/div>\n\t\t\t\t<\/div>\n\t\t\t\t\t\t<\/div>\n\t\t\t\t\t<\/div>\n\t\t<\/div>\n\t\t\t\t\t\t\t\t<\/div>\n\t\t\t\t\t<\/div>\n\t\t<\/section>\n\t\t\t\t<section class=\"elementor-section elementor-top-section elementor-element elementor-element-f67b826 elementor-section-boxed elementor-section-height-default elementor-section-height-default\" data-id=\"f67b826\" data-element_type=\"section\">\n\t\t\t\t\t\t<div class=\"elementor-container elementor-column-gap-default\">\n\t\t\t\t\t\t\t<div class=\"elementor-row\">\n\t\t\t\t\t<div class=\"elementor-column elementor-col-100 elementor-top-column elementor-element elementor-element-02b8ad1\" data-id=\"02b8ad1\" data-element_type=\"column\">\n\t\t\t<div class=\"elementor-column-wrap elementor-element-populated\">\n\t\t\t\t\t\t\t<div class=\"elementor-widget-wrap\">\n\t\t\t\t\t\t<div class=\"elementor-element elementor-element-efd6863 elementor-widget elementor-widget-text-editor\" data-id=\"efd6863\" data-element_type=\"widget\" data-widget_type=\"text-editor.default\">\n\t\t\t\t<div class=\"elementor-widget-container\">\n\t\t\t\t\t<div class=\"elementor-text-editor elementor-clearfix\"><p>F\u00f6lj oss p\u00e5 Facebook via l\u00e4nken p\u00e5 menyn och l\u00e4r dig mer om kommande och tidigare h\u00e4ndelser.<\/p><p>F\u00f6rutom att h\u00e5lla gudstj\u00e4nster har P\u00f6ide kyrka varit v\u00e4rd f\u00f6r m\u00e5nga evenemang och aktiviteter &#8211; forskningsexpeditioner, f\u00f6rel\u00e4sningar om kyrkan och ordningsslottet, aktivitetsdagar f\u00f6r gemensamt arbete; f\u00f6rsamlingen har firat bes\u00f6ket den 2 juli och antagandet av Jungfru den 15 augusti som namndagen f\u00f6r P\u00f6ide St Mary&#8217;s Church.<\/p><p>Nedan finns en kort \u00f6versikt \u00f6ver tidigare h\u00e4ndelser.<\/p><p><strong>2012<\/strong><br \/>Den 26 december inleddes takrenoveringsarbetet i P\u00f6ide kyrka. Projektet, som framf\u00f6rallt utf\u00f6rdes av f\u00f6retaget R\u00e4ndmeister, varade i tv\u00e5 \u00e5r &#8211; det nya taket som \u00e5terst\u00e4lldes till sin ursprungliga h\u00f6jd var klart 2014.<\/p><p><strong>2015<\/strong><br \/>Slutf\u00f6rande av tre glasm\u00e5lningar i tornbukten. Projektet st\u00f6ddes av Oesel Noble Corporation och av Association of the Baltic Noble Corporations. 2015 planterades ocks\u00e5 en gr\u00e4nd av lockiga bj\u00f6rkar (Betula pendula var. Carelica).<\/p><p><strong>2016<\/strong><br \/>Restaurering av huvudportalen, tornluckorna och de andra tre glasm\u00e5lningarna av Illar Kannelm\u00e4e. Slutf\u00f6randet av ett av de h\u00f6ga f\u00f6nstren st\u00f6ddes av v\u00e4nnerna fr\u00e5n Estonian Heritage Society i Toronto, Kanada.<\/p><p>Restaurering av det medeltida dopfontet med dess installation i koret.<\/p><p>En m\u00e5lning uppt\u00e4cktes p\u00e5 valvet p\u00e5 v\u00e4stra taket under tornet. Bevarandet av m\u00e5lningen slutf\u00f6rdes 2019.<\/p><p><strong>2017<\/strong><br \/>Slutf\u00f6randet av Ave Maria-m\u00e5lat glasf\u00f6nster (designat av Elo Sova) i skeppets s\u00f6dra v\u00e4gg. Firandet av 500-\u00e5rsjubileet f\u00f6r reformationen, markerad med att plantera ett \u00e4ppeltr\u00e4d p\u00e5 kyrkog\u00e5rden. Ett sommarkaf\u00e9 \u00f6ppnades i pr\u00e4stg\u00e5rden.<\/p><p><strong>2018<\/strong><br \/>Installation av den yttre nattbelysningen.<\/p><p><strong>2019<\/strong><br \/>Installationen av det inre belysningssystemet startade.<\/p><p><strong>Konserter<\/strong><br \/>P\u00f6ide kyrka har varit v\u00e4rd f\u00f6r fantastiska heliga musikkonserter fr\u00e5n estniska musiker: ensemblen Tuli Taevast (2016, 2017), kammarorkestern p\u00e5 de v\u00e4st-estniska \u00f6arna (2018), Vox Clamantis (2019), Hortus Musicus (2018, 2019, 2020 ). Liis Lulla-Knape, en estnisk-holl\u00e4ndsk fl\u00f6jtist har h\u00e5llit v\u00e4lg\u00f6renhetskonserter till st\u00f6d f\u00f6r P\u00f6ide kyrka under 13 \u00e5r.<\/p><\/div>\n\t\t\t\t<\/div>\n\t\t\t\t<\/div>\n\t\t\t\t\t\t<\/div>\n\t\t\t\t\t<\/div>\n\t\t<\/div>\n\t\t\t\t\t\t\t\t<\/div>\n\t\t\t\t\t<\/div>\n\t\t<\/section>\n\t\t\t\t\t\t<\/div>\n\t\t\t\t\t\t<\/div>\n\t\t\t\t\t<\/div>\n\t\t","protected":false},"excerpt":{"rendered":"<p>H\u00e4ndelse F\u00f6lj oss p\u00e5 Facebook via l\u00e4nken p\u00e5 menyn och l\u00e4r dig mer om kommande och tidigare h\u00e4ndelser. F\u00f6rutom att h\u00e5lla gudstj\u00e4nster har P\u00f6ide kyrka varit v\u00e4rd f\u00f6r m\u00e5nga evenemang och aktiviteter &#8211; forskningsexpeditioner, f\u00f6rel\u00e4sningar om kyrkan och ordningsslottet, aktivitetsdagar f\u00f6r gemensamt arbete; f\u00f6rsamlingen har firat bes\u00f6ket den 2 juli och antagandet av Jungfru den&hellip;<\/p>\n","protected":false},"author":1,"featured_media":0,"parent":0,"menu_order":0,"comment_status":"closed","ping_status":"closed","template":"","meta":{"footnotes":""},"class_list":["post-1038","page","type-page","status-publish","hentry","post"],"_links":{"self":[{"href":"https:\/\/poidekirik.ee\/index.php?rest_route=\/wp\/v2\/pages\/1038","targetHints":{"allow":["GET"]}}],"collection":[{"href":"https:\/\/poidekirik.ee\/index.php?rest_route=\/wp\/v2\/pages"}],"about":[{"href":"https:\/\/poidekirik.ee\/index.php?rest_route=\/wp\/v2\/types\/page"}],"author":[{"embeddable":true,"href":"https:\/\/poidekirik.ee\/index.php?rest_route=\/wp\/v2\/users\/1"}],"replies":[{"embeddable":true,"href":"https:\/\/poidekirik.ee\/index.php?rest_route=%2Fwp%2Fv2%2Fcomments&post=1038"}],"version-history":[{"count":7,"href":"https:\/\/poidekirik.ee\/index.php?rest_route=\/wp\/v2\/pages\/1038\/revisions"}],"predecessor-version":[{"id":1779,"href":"https:\/\/poidekirik.ee\/index.php?rest_route=\/wp\/v2\/pages\/1038\/revisions\/1779"}],"wp:attachment":[{"href":"https:\/\/poidekirik.ee\/index.php?rest_route=%2Fwp%2Fv2%2Fmedia&parent=1038"}],"curies":[{"name":"wp","href":"https:\/\/api.w.org\/{rel}","templated":true}]}}