{"id":1490,"date":"2021-03-09T15:26:59","date_gmt":"2021-03-09T15:26:59","guid":{"rendered":"https:\/\/poidekirik.ee\/?page_id=1490"},"modified":"2021-04-30T05:57:34","modified_gmt":"2021-04-30T05:57:34","slug":"urut","status":"publish","type":"page","link":"https:\/\/poidekirik.ee\/?page_id=1490","title":{"rendered":"Organ"},"content":{"rendered":"\t\t<div data-elementor-type=\"wp-page\" data-elementor-id=\"1490\" class=\"elementor elementor-1490\" data-elementor-settings=\"[]\">\n\t\t\t\t\t\t<div class=\"elementor-inner\">\n\t\t\t\t\t\t\t<div class=\"elementor-section-wrap\">\n\t\t\t\t\t\t\t<section class=\"elementor-section elementor-top-section elementor-element elementor-element-f937beb elementor-section-boxed elementor-section-height-default elementor-section-height-default\" data-id=\"f937beb\" data-element_type=\"section\">\n\t\t\t\t\t\t<div class=\"elementor-container elementor-column-gap-default\">\n\t\t\t\t\t\t\t<div class=\"elementor-row\">\n\t\t\t\t\t<div class=\"elementor-column elementor-col-100 elementor-top-column elementor-element elementor-element-cbafbfb\" data-id=\"cbafbfb\" data-element_type=\"column\">\n\t\t\t<div class=\"elementor-column-wrap elementor-element-populated\">\n\t\t\t\t\t\t\t<div class=\"elementor-widget-wrap\">\n\t\t\t\t\t\t<div class=\"elementor-element elementor-element-2997b23 elementor-widget elementor-widget-image\" data-id=\"2997b23\" data-element_type=\"widget\" data-widget_type=\"image.default\">\n\t\t\t\t<div class=\"elementor-widget-container\">\n\t\t\t\t\t<div class=\"elementor-image\">\n\t\t\t\t\t\t\t\t\t\t<img decoding=\"async\" src=\"https:\/\/poidekirik.ee\/wp-content\/uploads\/elementor\/thumbs\/k5-owc4vuskev2m8sac6z4tryz0oes8mfv57m870kyq10.png\" title=\"k5\" alt=\"k5\" \/>\t\t\t\t\t\t\t\t\t\t\t<\/div>\n\t\t\t\t<\/div>\n\t\t\t\t<\/div>\n\t\t\t\t<div class=\"elementor-element elementor-element-0716946 elementor-widget elementor-widget-heading\" data-id=\"0716946\" data-element_type=\"widget\" data-widget_type=\"heading.default\">\n\t\t\t\t<div class=\"elementor-widget-container\">\n\t\t\t<h2 class=\"elementor-heading-title elementor-size-default\">Organ<\/h2>\t\t<\/div>\n\t\t\t\t<\/div>\n\t\t\t\t\t\t<\/div>\n\t\t\t\t\t<\/div>\n\t\t<\/div>\n\t\t\t\t\t\t\t\t<\/div>\n\t\t\t\t\t<\/div>\n\t\t<\/section>\n\t\t\t\t<section class=\"elementor-section elementor-top-section elementor-element elementor-element-f67b826 elementor-section-boxed elementor-section-height-default elementor-section-height-default\" data-id=\"f67b826\" data-element_type=\"section\">\n\t\t\t\t\t\t<div class=\"elementor-container elementor-column-gap-default\">\n\t\t\t\t\t\t\t<div class=\"elementor-row\">\n\t\t\t\t\t<div class=\"elementor-column elementor-col-100 elementor-top-column elementor-element elementor-element-02b8ad1\" data-id=\"02b8ad1\" data-element_type=\"column\">\n\t\t\t<div class=\"elementor-column-wrap elementor-element-populated\">\n\t\t\t\t\t\t\t<div class=\"elementor-widget-wrap\">\n\t\t\t\t\t\t<div class=\"elementor-element elementor-element-efd6863 elementor-widget elementor-widget-text-editor\" data-id=\"efd6863\" data-element_type=\"widget\" data-widget_type=\"text-editor.default\">\n\t\t\t\t<div class=\"elementor-widget-container\">\n\t\t\t\t\t<div class=\"elementor-text-editor elementor-clearfix\"><p><strong>Vill du ha ett orgelr\u00f6r uppkallat efter dig?<\/strong><\/p><p class=\"p1\"><span class=\"s1\">F\u00f6rsamlingen i P\u00f6ide Maria kyrkan tillk\u00e4nnager ytterligare en insamlingskampanj f\u00f6r att st\u00f6da orgelns f\u00e4rdigst\u00e4llande.<\/span><\/p><p class=\"p1\"><span class=\"s1\">Varje donation f\u00f6r oss n\u00e4rmare v\u00e5rt m\u00e5l och st\u00f6der deras underh\u00e5ll i framtiden. Varje givare f\u00e5r en \u201dpersonlig\u201d orgelpipa i P\u00f6ide kyrka.<\/span><\/p><p class=\"p1\"><span class=\"s1\">F\u00f6r en donation v\u00e4ljer du en l\u00e4mplig r\u00f6r &#8211; antingen pedalr\u00f6r eller manuellt man\u00f6vrerat r\u00f6r.<\/span><\/p><p class=\"p1\"><strong><span class=\"s1\">Pedalr\u00f6r &#8211; Subbass 16 &#8216;:<\/span><\/strong><\/p><p class=\"p1\"><span class=\"s1\">12 r\u00f6r f\u00f6r 150 \u20ac \/ r\u00f6r, 12 r\u00f6r f\u00f6r 100 euro \/ r\u00f6r, sex r\u00f6r f\u00f6r 50 \u20ac \/ r\u00f6r.<\/span><\/p><p class=\"p1\"><strong><span class=\"s1\">Manuella I-R\u00f6r &#8211; Principal 8 &#8216;:<\/span><\/strong><\/p><p class=\"p1\"><span class=\"s1\">12 r\u00f6r f\u00f6r 150 \u20ac \/ r\u00f6r, 12 r\u00f6r f\u00f6r 100 \u20ac \/ r\u00f6r, 12 r\u00f6r f\u00f6r 50 \u20ac \/ r\u00f6r, 12 r\u00f6r f\u00f6r 25 \u20ac \/ r\u00f6r och 10 r\u00f6r f\u00f6r 10 \u20ac \/ r\u00f6r.<\/span><\/p><p class=\"p1\"><strong><span class=\"s1\">Manuella I &#8211; r\u00f6r- Nachthorn 8 &#8216;:<\/span><\/strong><\/p><p class=\"p1\"><span class=\"s1\">12 r\u00f6r f\u00f6r 150 \u20ac \/ r\u00f6r, 12 r\u00f6r f\u00f6r 100 \u20ac \/ r\u00f6r, 12 r\u00f6r f\u00f6r 50 \u20ac \/ r\u00f6r, 12 r\u00f6r f\u00f6r 25 \u20ac \/ r\u00f6r och 10 r\u00f6r f\u00f6r 10 \u20ac \/ r\u00f6r.<\/span><\/p><p class=\"p1\"><span class=\"s1\">N\u00e4r du har valt ditt r\u00f6r, skicka ett mejl och kontakta poide [at) eelk.ee<\/span><\/p><p class=\"p1\"><span class=\"s1\">L\u00e5t oss veta din v\u00e4nliga avsikt, ange hur mycket donation och vilket r\u00f6r du vill st\u00f6dja. Till exempel vill jag donera 150\/100\/25 \/ eller 10 euro f\u00f6r ett pedalr\u00f6r \/ manuell I \/ manuell II-visselpipa.<\/span><\/p><p class=\"p1\"><span class=\"s1\">Vi kommer att kontakta dig och meddela dig hur donationen kan g\u00f6ras.<\/span><\/p><p class=\"p1\"><span class=\"s1\">Alla donationer registreras och donatorernas namn registreras och kan ses senare i kyrkan.<\/span><\/p><p><strong>R\u00f6rens status kan ses p\u00e5 den f\u00f6rsta hemsidan.<\/strong><\/p><\/div>\n\t\t\t\t<\/div>\n\t\t\t\t<\/div>\n\t\t\t\t\t\t<\/div>\n\t\t\t\t\t<\/div>\n\t\t<\/div>\n\t\t\t\t\t\t\t\t<\/div>\n\t\t\t\t\t<\/div>\n\t\t<\/section>\n\t\t\t\t\t\t<\/div>\n\t\t\t\t\t\t<\/div>\n\t\t\t\t\t<\/div>\n\t\t","protected":false},"excerpt":{"rendered":"<p>Organ Vill du ha ett orgelr\u00f6r uppkallat efter dig? F\u00f6rsamlingen i P\u00f6ide Maria kyrkan tillk\u00e4nnager ytterligare en insamlingskampanj f\u00f6r att st\u00f6da orgelns f\u00e4rdigst\u00e4llande. Varje donation f\u00f6r oss n\u00e4rmare v\u00e5rt m\u00e5l och st\u00f6der deras underh\u00e5ll i framtiden. Varje givare f\u00e5r en \u201dpersonlig\u201d orgelpipa i P\u00f6ide kyrka. F\u00f6r en donation v\u00e4ljer du en l\u00e4mplig r\u00f6r &#8211; antingen&hellip;<\/p>\n","protected":false},"author":1,"featured_media":0,"parent":0,"menu_order":0,"comment_status":"closed","ping_status":"closed","template":"","meta":{"footnotes":""},"class_list":["post-1490","page","type-page","status-publish","hentry","post"],"_links":{"self":[{"href":"https:\/\/poidekirik.ee\/index.php?rest_route=\/wp\/v2\/pages\/1490","targetHints":{"allow":["GET"]}}],"collection":[{"href":"https:\/\/poidekirik.ee\/index.php?rest_route=\/wp\/v2\/pages"}],"about":[{"href":"https:\/\/poidekirik.ee\/index.php?rest_route=\/wp\/v2\/types\/page"}],"author":[{"embeddable":true,"href":"https:\/\/poidekirik.ee\/index.php?rest_route=\/wp\/v2\/users\/1"}],"replies":[{"embeddable":true,"href":"https:\/\/poidekirik.ee\/index.php?rest_route=%2Fwp%2Fv2%2Fcomments&post=1490"}],"version-history":[{"count":25,"href":"https:\/\/poidekirik.ee\/index.php?rest_route=\/wp\/v2\/pages\/1490\/revisions"}],"predecessor-version":[{"id":1808,"href":"https:\/\/poidekirik.ee\/index.php?rest_route=\/wp\/v2\/pages\/1490\/revisions\/1808"}],"wp:attachment":[{"href":"https:\/\/poidekirik.ee\/index.php?rest_route=%2Fwp%2Fv2%2Fmedia&parent=1490"}],"curies":[{"name":"wp","href":"https:\/\/api.w.org\/{rel}","templated":true}]}}