{"id":1537,"date":"2021-03-10T18:17:02","date_gmt":"2021-03-10T18:17:02","guid":{"rendered":"https:\/\/poidekirik.ee\/?page_id=1537"},"modified":"2021-03-10T18:22:08","modified_gmt":"2021-03-10T18:22:08","slug":"urut-2","status":"publish","type":"page","link":"https:\/\/poidekirik.ee\/?page_id=1537","title":{"rendered":"Urut"},"content":{"rendered":"\t\t<div data-elementor-type=\"wp-page\" data-elementor-id=\"1537\" class=\"elementor elementor-1537\" data-elementor-settings=\"[]\">\n\t\t\t\t\t\t<div class=\"elementor-inner\">\n\t\t\t\t\t\t\t<div class=\"elementor-section-wrap\">\n\t\t\t\t\t\t\t<section class=\"elementor-section elementor-top-section elementor-element elementor-element-f937beb elementor-section-boxed elementor-section-height-default elementor-section-height-default\" data-id=\"f937beb\" data-element_type=\"section\">\n\t\t\t\t\t\t<div class=\"elementor-container elementor-column-gap-default\">\n\t\t\t\t\t\t\t<div class=\"elementor-row\">\n\t\t\t\t\t<div class=\"elementor-column elementor-col-100 elementor-top-column elementor-element elementor-element-cbafbfb\" data-id=\"cbafbfb\" data-element_type=\"column\">\n\t\t\t<div class=\"elementor-column-wrap elementor-element-populated\">\n\t\t\t\t\t\t\t<div class=\"elementor-widget-wrap\">\n\t\t\t\t\t\t<div class=\"elementor-element elementor-element-2997b23 elementor-widget elementor-widget-image\" data-id=\"2997b23\" data-element_type=\"widget\" data-widget_type=\"image.default\">\n\t\t\t\t<div class=\"elementor-widget-container\">\n\t\t\t\t\t<div class=\"elementor-image\">\n\t\t\t\t\t\t\t\t\t\t<img decoding=\"async\" src=\"https:\/\/poidekirik.ee\/wp-content\/uploads\/elementor\/thumbs\/k5-owc4vuskev2m8sac6z4tryz0oes8mfv57m870kyq10.png\" title=\"k5\" alt=\"k5\" \/>\t\t\t\t\t\t\t\t\t\t\t<\/div>\n\t\t\t\t<\/div>\n\t\t\t\t<\/div>\n\t\t\t\t<div class=\"elementor-element elementor-element-0716946 elementor-widget elementor-widget-heading\" data-id=\"0716946\" data-element_type=\"widget\" data-widget_type=\"heading.default\">\n\t\t\t\t<div class=\"elementor-widget-container\">\n\t\t\t<h2 class=\"elementor-heading-title elementor-size-default\">Urut<\/h2>\t\t<\/div>\n\t\t\t\t<\/div>\n\t\t\t\t\t\t<\/div>\n\t\t\t\t\t<\/div>\n\t\t<\/div>\n\t\t\t\t\t\t\t\t<\/div>\n\t\t\t\t\t<\/div>\n\t\t<\/section>\n\t\t\t\t<section class=\"elementor-section elementor-top-section elementor-element elementor-element-f67b826 elementor-section-boxed elementor-section-height-default elementor-section-height-default\" data-id=\"f67b826\" data-element_type=\"section\">\n\t\t\t\t\t\t<div class=\"elementor-container elementor-column-gap-default\">\n\t\t\t\t\t\t\t<div class=\"elementor-row\">\n\t\t\t\t\t<div class=\"elementor-column elementor-col-100 elementor-top-column elementor-element elementor-element-02b8ad1\" data-id=\"02b8ad1\" data-element_type=\"column\">\n\t\t\t<div class=\"elementor-column-wrap elementor-element-populated\">\n\t\t\t\t\t\t\t<div class=\"elementor-widget-wrap\">\n\t\t\t\t\t\t<div class=\"elementor-element elementor-element-efd6863 elementor-widget elementor-widget-text-editor\" data-id=\"efd6863\" data-element_type=\"widget\" data-widget_type=\"text-editor.default\">\n\t\t\t\t<div class=\"elementor-widget-container\">\n\t\t\t\t\t<div class=\"elementor-text-editor elementor-clearfix\"><p><strong>Haluatko, ett\u00e4 urkupilli kantaa nime\u00e4si?<\/strong><\/p><p>P\u00f6iden Pyh\u00e4n Marian kirkon seurakunta ker\u00e4\u00e4 varoja urkujen valmistamiseksi. Tarjoamme lahjoittajille mahdollisuuden tukea t\u00e4t\u00e4 hankintaa.<\/p><p>Jokainen lahjoitus tuo meid\u00e4t l\u00e4hemm\u00e4ksi tavoitettamme ja tukee niiden yll\u00e4pitoa jatkossa. Jokainen lahjoittaja saa &#8220;henkil\u00f6kohtaisen&#8221; urkupillin P\u00f6iden kirkossa.<\/p><p>Lahjoitusta varten valitse sopivan hintaluokan pilli &#8211; joko poljinpillist\u00f6 tai manuaalinen:<\/p><p><strong>Polkimen pillit &#8211; Subbass 16 \u2019:<\/strong><br \/>12 pilli\u00e4 hintaan 150 \u20ac \/ pilli, 12 pilli\u00e4 100: eurolle \/ pilli, kuusi pilli\u00e4 hintaan 50 \u20ac \/ pilli.<\/p><p><strong>Manuaaliset I-pillit &#8211; Principal 8 \u2019:<\/strong><br \/>12 pilli\u00e4 hintaan 150 \u20ac \/ pilli, 12 pilli\u00e4 100 \u20ac \/ pilli, 12 pilli\u00e4 50 \u20ac \/ pilli, 12 pilli\u00e4 25 \u20ac \/ pilli ja 10 pilli\u00e4 10 \u20ac \/ pilli.<\/p><p><strong>Manuaaliset I-pillit &#8211; Nachthorn 8 \u2019:<\/strong><br \/>12 pilli\u00e4 hintaan 150 \u20ac \/ pilli, 12 pilli\u00e4 100 \u20ac \/ pilli, 12 pilli\u00e4 50 \u20ac \/ pilli, 12 pilli\u00e4 25 \u20ac \/ pilli ja 10 pilli\u00e4 10 \u20ac \/ pilli.<\/p><p>Kun olet valinnut pillin, l\u00e4het\u00e4 s\u00e4hk\u00f6postia ja yhteystiedot poide [at) eelk.ee<br \/>ilmoittaa meille yst\u00e4v\u00e4llisest\u00e4 aikomuksestasi, erittelem\u00e4ll\u00e4 lahjoituksen m\u00e4\u00e4r\u00e4 ja pilliluokka, jota haluat tukea. Haluan esimerkiksi lahjoittaa 150\/100\/25 \/ tai 10 euroa poljinputken \/ manuaalisen I \/ manuaalisen II pillin.<\/p><p>Otamme sinuun yhteytt\u00e4 ja ilmoitamme sinulle kuinka lahjoitus voidaan tehd\u00e4.<\/p><p>Kaikki lahjoitukset rekister\u00f6id\u00e4\u00e4n, ja luovuttajien nimet kirjataan ja on n\u00e4ht\u00e4vill\u00e4 my\u00f6hemmin kirkossa.<\/p><p><strong>Urkupillien ker\u00e4yksen tilanne n\u00e4kyy ensimm\u00e4isell\u00e4 viron kotisivulla.<br \/><br \/><\/strong>&#8212;&#8212;&#8212;-<br \/><br \/><strong>\u201cUrut P\u00f6ide kirkkoon\u201d<\/strong><\/p><p>P\u00f6iden Pyh\u00e4n Marian kirkko on ollut ilman urkuja noin 80 vuotta.<\/p><p>Kirkko k\u00e4rsi 1940-luvulla sek\u00e4 tulipalosta ett\u00e4 ihmisten tuhoty\u00f6st\u00e4 \u2013 kaikki kalusteet, my\u00f6s vanhat urut, h\u00e4vitettiin.<\/p><p>Saimme vuonna 2019 tiedon, ett\u00e4 Suomen Janakkalan seurakunta aikoo uusia Tervakosken kirkon 1940-luvulla valmistuneet urut ja tarjota vanhat urut ilmaiseksi.<\/p><p>Hyv\u00e4ksyimme t\u00e4m\u00e4n suurenmoisen tarjouksen. Urut on kuitenkin rakennettava uudestaan.<\/p><p><em>Kaikki lahjoitukset ovat tervetulleita!<\/em><\/p><\/div>\n\t\t\t\t<\/div>\n\t\t\t\t<\/div>\n\t\t\t\t\t\t<\/div>\n\t\t\t\t\t<\/div>\n\t\t<\/div>\n\t\t\t\t\t\t\t\t<\/div>\n\t\t\t\t\t<\/div>\n\t\t<\/section>\n\t\t\t\t\t\t<\/div>\n\t\t\t\t\t\t<\/div>\n\t\t\t\t\t<\/div>\n\t\t","protected":false},"excerpt":{"rendered":"<p>Urut Haluatko, ett\u00e4 urkupilli kantaa nime\u00e4si? P\u00f6iden Pyh\u00e4n Marian kirkon seurakunta ker\u00e4\u00e4 varoja urkujen valmistamiseksi. Tarjoamme lahjoittajille mahdollisuuden tukea t\u00e4t\u00e4 hankintaa. Jokainen lahjoitus tuo meid\u00e4t l\u00e4hemm\u00e4ksi tavoitettamme ja tukee niiden yll\u00e4pitoa jatkossa. Jokainen lahjoittaja saa &#8220;henkil\u00f6kohtaisen&#8221; urkupillin P\u00f6iden kirkossa. Lahjoitusta varten valitse sopivan hintaluokan pilli &#8211; joko poljinpillist\u00f6 tai manuaalinen: Polkimen pillit &#8211; Subbass 16&hellip;<\/p>\n","protected":false},"author":1,"featured_media":0,"parent":0,"menu_order":0,"comment_status":"closed","ping_status":"closed","template":"","meta":{"footnotes":""},"class_list":["post-1537","page","type-page","status-publish","hentry","post"],"_links":{"self":[{"href":"https:\/\/poidekirik.ee\/index.php?rest_route=\/wp\/v2\/pages\/1537","targetHints":{"allow":["GET"]}}],"collection":[{"href":"https:\/\/poidekirik.ee\/index.php?rest_route=\/wp\/v2\/pages"}],"about":[{"href":"https:\/\/poidekirik.ee\/index.php?rest_route=\/wp\/v2\/types\/page"}],"author":[{"embeddable":true,"href":"https:\/\/poidekirik.ee\/index.php?rest_route=\/wp\/v2\/users\/1"}],"replies":[{"embeddable":true,"href":"https:\/\/poidekirik.ee\/index.php?rest_route=%2Fwp%2Fv2%2Fcomments&post=1537"}],"version-history":[{"count":3,"href":"https:\/\/poidekirik.ee\/index.php?rest_route=\/wp\/v2\/pages\/1537\/revisions"}],"predecessor-version":[{"id":1547,"href":"https:\/\/poidekirik.ee\/index.php?rest_route=\/wp\/v2\/pages\/1537\/revisions\/1547"}],"wp:attachment":[{"href":"https:\/\/poidekirik.ee\/index.php?rest_route=%2Fwp%2Fv2%2Fmedia&parent=1537"}],"curies":[{"name":"wp","href":"https:\/\/api.w.org\/{rel}","templated":true}]}}