{"id":485,"date":"2020-10-01T11:39:54","date_gmt":"2020-10-01T11:39:54","guid":{"rendered":"https:\/\/poidekirik.ee\/?page_id=485"},"modified":"2020-12-15T21:06:55","modified_gmt":"2020-12-15T21:06:55","slug":"annetused","status":"publish","type":"page","link":"https:\/\/poidekirik.ee\/?page_id=485","title":{"rendered":"Annetused"},"content":{"rendered":"\t\t<div data-elementor-type=\"wp-page\" data-elementor-id=\"485\" class=\"elementor elementor-485\" data-elementor-settings=\"[]\">\n\t\t\t\t\t\t<div class=\"elementor-inner\">\n\t\t\t\t\t\t\t<div class=\"elementor-section-wrap\">\n\t\t\t\t\t\t\t<section class=\"elementor-section elementor-top-section elementor-element elementor-element-f937beb elementor-section-boxed elementor-section-height-default elementor-section-height-default\" data-id=\"f937beb\" data-element_type=\"section\">\n\t\t\t\t\t\t<div class=\"elementor-container elementor-column-gap-default\">\n\t\t\t\t\t\t\t<div class=\"elementor-row\">\n\t\t\t\t\t<div class=\"elementor-column elementor-col-100 elementor-top-column elementor-element elementor-element-cbafbfb\" data-id=\"cbafbfb\" data-element_type=\"column\">\n\t\t\t<div class=\"elementor-column-wrap elementor-element-populated\">\n\t\t\t\t\t\t\t<div class=\"elementor-widget-wrap\">\n\t\t\t\t\t\t<div class=\"elementor-element elementor-element-2997b23 elementor-widget elementor-widget-image\" data-id=\"2997b23\" data-element_type=\"widget\" data-widget_type=\"image.default\">\n\t\t\t\t<div class=\"elementor-widget-container\">\n\t\t\t\t\t<div class=\"elementor-image\">\n\t\t\t\t\t\t\t\t\t\t<img decoding=\"async\" src=\"https:\/\/poidekirik.ee\/wp-content\/uploads\/elementor\/thumbs\/omenat-ok-owi2wowv70evkakycxmfp6kvi4midej670ninyxcn8.png\" title=\"omenat ok\" alt=\"omenat ok\" \/>\t\t\t\t\t\t\t\t\t\t\t<\/div>\n\t\t\t\t<\/div>\n\t\t\t\t<\/div>\n\t\t\t\t<div class=\"elementor-element elementor-element-0716946 elementor-widget elementor-widget-heading\" data-id=\"0716946\" data-element_type=\"widget\" data-widget_type=\"heading.default\">\n\t\t\t\t<div class=\"elementor-widget-container\">\n\t\t\t<h2 class=\"elementor-heading-title elementor-size-default\">Annetused<\/h2>\t\t<\/div>\n\t\t\t\t<\/div>\n\t\t\t\t\t\t<\/div>\n\t\t\t\t\t<\/div>\n\t\t<\/div>\n\t\t\t\t\t\t\t\t<\/div>\n\t\t\t\t\t<\/div>\n\t\t<\/section>\n\t\t\t\t<section class=\"elementor-section elementor-top-section elementor-element elementor-element-f67b826 elementor-section-boxed elementor-section-height-default elementor-section-height-default\" data-id=\"f67b826\" data-element_type=\"section\">\n\t\t\t\t\t\t<div class=\"elementor-container elementor-column-gap-default\">\n\t\t\t\t\t\t\t<div class=\"elementor-row\">\n\t\t\t\t\t<div class=\"elementor-column elementor-col-100 elementor-top-column elementor-element elementor-element-02b8ad1\" data-id=\"02b8ad1\" data-element_type=\"column\">\n\t\t\t<div class=\"elementor-column-wrap elementor-element-populated\">\n\t\t\t\t\t\t\t<div class=\"elementor-widget-wrap\">\n\t\t\t\t\t\t<div class=\"elementor-element elementor-element-efd6863 elementor-widget elementor-widget-text-editor\" data-id=\"efd6863\" data-element_type=\"widget\" data-widget_type=\"text-editor.default\">\n\t\t\t\t<div class=\"elementor-widget-container\">\n\t\t\t\t\t<div class=\"elementor-text-editor elementor-clearfix\"><p class=\"p1\">Annetused on alati olnud \u00fcks peamistest kiriku toimimise allikatest, aga suureks abiks ka sihtasutusele. <br \/><br \/>K\u00f5ige r\u00f5\u00f5mustavam on see, et meie paljud annetajad teevad seda perioodiliselt. <br \/><br \/>Oleme l\u00e4bi viinud sihtannetuste kogumist P\u00f6ide kiriku keskaegse ristimiskivi restaureerimiseks, v\u00e4lis- ja sisevalguse heaks ning teistel eesm\u00e4rkidel. <br \/>Praegu on meie \u00fchine suur \u00fclesanne saada kirikusse pillide kuningas, suur orel. Nimeliste orelivilede pakkumine on alanud!<\/p><p class=\"p1\"><em>Annetada saab koguduse kontole ja sihtasutuse kontole.<\/em><\/p><p class=\"p1\"><strong>EELK P\u00f6ide Maarja kogudus:<\/strong> <br \/>Swedbank EE292200001120136950<\/p><p class=\"p1\"><strong>EELK P\u00f6ide Maarja koguduse erikonto<\/strong> <br \/>(sihtannetused ja projektid, uus orel):<br \/>Swedbank EE232200221039772450<\/p><p class=\"p1\"><strong>P\u00f6ide Maarja Kiriku Sihtasutus:<\/strong> <br \/>Swedbank EE492200221054650133<\/p><h3 class=\"p1\"><strong><em>T\u00e4name k\u00f5iki annetajaid!<\/em><\/strong><\/h3><\/div>\n\t\t\t\t<\/div>\n\t\t\t\t<\/div>\n\t\t\t\t\t\t<\/div>\n\t\t\t\t\t<\/div>\n\t\t<\/div>\n\t\t\t\t\t\t\t\t<\/div>\n\t\t\t\t\t<\/div>\n\t\t<\/section>\n\t\t\t\t<section class=\"elementor-section elementor-top-section elementor-element elementor-element-fd17fc1 elementor-section-boxed elementor-section-height-default elementor-section-height-default\" data-id=\"fd17fc1\" data-element_type=\"section\">\n\t\t\t\t\t\t<div class=\"elementor-container elementor-column-gap-default\">\n\t\t\t\t\t\t\t<div class=\"elementor-row\">\n\t\t\t\t\t<div class=\"elementor-column elementor-col-100 elementor-top-column elementor-element elementor-element-03f889f\" data-id=\"03f889f\" data-element_type=\"column\">\n\t\t\t<div class=\"elementor-column-wrap elementor-element-populated\">\n\t\t\t\t\t\t\t<div class=\"elementor-widget-wrap\">\n\t\t\t\t\t\t<div class=\"elementor-element elementor-element-3c113f8 elementor-widget elementor-widget-heading\" data-id=\"3c113f8\" data-element_type=\"widget\" data-widget_type=\"heading.default\">\n\t\t\t\t<div class=\"elementor-widget-container\">\n\t\t\t<h2 class=\"elementor-heading-title elementor-size-default\">T\u00e4name k\u00f5iki annetajaid<\/h2>\t\t<\/div>\n\t\t\t\t<\/div>\n\t\t\t\t\t\t<\/div>\n\t\t\t\t\t<\/div>\n\t\t<\/div>\n\t\t\t\t\t\t\t\t<\/div>\n\t\t\t\t\t<\/div>\n\t\t<\/section>\n\t\t\t\t\t\t<\/div>\n\t\t\t\t\t\t<\/div>\n\t\t\t\t\t<\/div>\n\t\t","protected":false},"excerpt":{"rendered":"<p>Annetused Annetused on alati olnud \u00fcks peamistest kiriku toimimise allikatest, aga suureks abiks ka sihtasutusele. K\u00f5ige r\u00f5\u00f5mustavam on see, et meie paljud annetajad teevad seda perioodiliselt. Oleme l\u00e4bi viinud sihtannetuste kogumist P\u00f6ide kiriku keskaegse ristimiskivi restaureerimiseks, v\u00e4lis- ja sisevalguse heaks ning teistel eesm\u00e4rkidel. Praegu on meie \u00fchine suur \u00fclesanne saada kirikusse pillide kuningas, suur orel.&hellip;<\/p>\n","protected":false},"author":1,"featured_media":0,"parent":0,"menu_order":0,"comment_status":"closed","ping_status":"closed","template":"","meta":{"footnotes":""},"class_list":["post-485","page","type-page","status-publish","hentry","post"],"_links":{"self":[{"href":"https:\/\/poidekirik.ee\/index.php?rest_route=\/wp\/v2\/pages\/485","targetHints":{"allow":["GET"]}}],"collection":[{"href":"https:\/\/poidekirik.ee\/index.php?rest_route=\/wp\/v2\/pages"}],"about":[{"href":"https:\/\/poidekirik.ee\/index.php?rest_route=\/wp\/v2\/types\/page"}],"author":[{"embeddable":true,"href":"https:\/\/poidekirik.ee\/index.php?rest_route=\/wp\/v2\/users\/1"}],"replies":[{"embeddable":true,"href":"https:\/\/poidekirik.ee\/index.php?rest_route=%2Fwp%2Fv2%2Fcomments&post=485"}],"version-history":[{"count":23,"href":"https:\/\/poidekirik.ee\/index.php?rest_route=\/wp\/v2\/pages\/485\/revisions"}],"predecessor-version":[{"id":1318,"href":"https:\/\/poidekirik.ee\/index.php?rest_route=\/wp\/v2\/pages\/485\/revisions\/1318"}],"wp:attachment":[{"href":"https:\/\/poidekirik.ee\/index.php?rest_route=%2Fwp%2Fv2%2Fmedia&parent=485"}],"curies":[{"name":"wp","href":"https:\/\/api.w.org\/{rel}","templated":true}]}}