{"id":538,"date":"2020-10-01T14:25:29","date_gmt":"2020-10-01T14:25:29","guid":{"rendered":"https:\/\/poidekirik.ee\/?page_id=538"},"modified":"2021-03-04T09:38:42","modified_gmt":"2021-03-04T09:38:42","slug":"kogudus","status":"publish","type":"page","link":"https:\/\/poidekirik.ee\/?page_id=538","title":{"rendered":"Kogudus"},"content":{"rendered":"\t\t<div data-elementor-type=\"wp-page\" data-elementor-id=\"538\" class=\"elementor elementor-538\" data-elementor-settings=\"[]\">\n\t\t\t\t\t\t<div class=\"elementor-inner\">\n\t\t\t\t\t\t\t<div class=\"elementor-section-wrap\">\n\t\t\t\t\t\t\t<section class=\"elementor-section elementor-top-section elementor-element elementor-element-f937beb elementor-section-boxed elementor-section-height-default elementor-section-height-default\" data-id=\"f937beb\" data-element_type=\"section\">\n\t\t\t\t\t\t<div class=\"elementor-container elementor-column-gap-default\">\n\t\t\t\t\t\t\t<div class=\"elementor-row\">\n\t\t\t\t\t<div class=\"elementor-column elementor-col-100 elementor-top-column elementor-element elementor-element-cbafbfb\" data-id=\"cbafbfb\" data-element_type=\"column\">\n\t\t\t<div class=\"elementor-column-wrap elementor-element-populated\">\n\t\t\t\t\t\t\t<div class=\"elementor-widget-wrap\">\n\t\t\t\t\t\t<div class=\"elementor-element elementor-element-2997b23 elementor-widget elementor-widget-image\" data-id=\"2997b23\" data-element_type=\"widget\" data-widget_type=\"image.default\">\n\t\t\t\t<div class=\"elementor-widget-container\">\n\t\t\t\t\t<div class=\"elementor-image\">\n\t\t\t\t\t\t\t\t\t\t<img decoding=\"async\" src=\"https:\/\/poidekirik.ee\/wp-content\/uploads\/elementor\/thumbs\/risti-ja-kirkkokansa-taustalla-ok-owi1o3gixzd4qbcyrnnnefpkw0fl6dhmqae6zd1rus.png\" title=\"risti ja kirkkokansa taustalla ok\" alt=\"risti ja kirkkokansa taustalla ok\" \/>\t\t\t\t\t\t\t\t\t\t\t<\/div>\n\t\t\t\t<\/div>\n\t\t\t\t<\/div>\n\t\t\t\t<div class=\"elementor-element elementor-element-0716946 elementor-widget elementor-widget-heading\" data-id=\"0716946\" data-element_type=\"widget\" data-widget_type=\"heading.default\">\n\t\t\t\t<div class=\"elementor-widget-container\">\n\t\t\t<h2 class=\"elementor-heading-title elementor-size-default\">Kogudus<\/h2>\t\t<\/div>\n\t\t\t\t<\/div>\n\t\t\t\t\t\t<\/div>\n\t\t\t\t\t<\/div>\n\t\t<\/div>\n\t\t\t\t\t\t\t\t<\/div>\n\t\t\t\t\t<\/div>\n\t\t<\/section>\n\t\t\t\t<section class=\"elementor-section elementor-top-section elementor-element elementor-element-f67b826 elementor-section-boxed elementor-section-height-default elementor-section-height-default\" data-id=\"f67b826\" data-element_type=\"section\">\n\t\t\t\t\t\t<div class=\"elementor-container elementor-column-gap-default\">\n\t\t\t\t\t\t\t<div class=\"elementor-row\">\n\t\t\t\t\t<div class=\"elementor-column elementor-col-100 elementor-top-column elementor-element elementor-element-02b8ad1\" data-id=\"02b8ad1\" data-element_type=\"column\">\n\t\t\t<div class=\"elementor-column-wrap elementor-element-populated\">\n\t\t\t\t\t\t\t<div class=\"elementor-widget-wrap\">\n\t\t\t\t\t\t<div class=\"elementor-element elementor-element-efd6863 elementor-widget elementor-widget-text-editor\" data-id=\"efd6863\" data-element_type=\"widget\" data-widget_type=\"text-editor.default\">\n\t\t\t\t<div class=\"elementor-widget-container\">\n\t\t\t\t\t<div class=\"elementor-text-editor elementor-clearfix\"><p><strong>EELK P\u00f6ide Maarja kogudus<\/strong><br \/>Reg nr 80210941<br \/>e-post: poide [at] eelk.ee<br \/>Aadress: P\u00f6ide kirikla, 94520 Saaremaa vald, Saare maakond, EESTI<br \/>Hooldaja\u00f5petaja Veiko Vihuri, tel 52 94\u00a0476<br \/>Juhatuse esimees Argo P\u00fcssim, tel 51 947 844, argo.pyssim [at] gmail.com<br \/><strong><br \/>Pangakontod:<\/strong> <br \/>SWED EE292200001120136950 <br \/>Koguduse remondi- ja orelifond: <br \/>SWED EE232200221039772450<\/p><p>P\u00f6ide Maarja kogudus on saanud alguse 13. sajandil. <br \/>Luterlik reformatsioon 16. sajandil kulges ilma suuremate kokkup\u00f5rgeteta.<\/p><p>P\u00f6ide kiriku suurt kogudust kahandas 19. sajandi keskpaiga usuvahetusliikumine, 1848. aastaks oli 2\/3 P\u00f6ide kihelkonna rahvastikust \u00fcle l\u00e4inud vene \u00f5igeusku.<\/p><p>Uus \u00f5nnetus tabas P\u00f6ide luterlikku kogudust p\u00e4rast 1940. aasta tulekahju ja teise n\u00f5ukogude okupatsiooni algust 1944. aastal. Kirik r\u00fc\u00fcstati ja suleti koguduse jaoks.<\/p><p>Kuni 1990. aastani kuulus P\u00f6ide kirik erinevatele omanikele, osa P\u00f6ide Maarja koguduse liikmeid liitus Valjala Martini kirikuga.<\/p><p>T\u00e4nap\u00e4eval on kiriku omanikuks 1990. aastal taastatud EELK P\u00f6ide Maarja kogudus.<\/p><p>Jumalateenistused toimuvad kaks korda kuus, algusega kell 13.30, talvel toimuvad teenistused pastoraadis talvekirikus.<\/p><\/div>\n\t\t\t\t<\/div>\n\t\t\t\t<\/div>\n\t\t\t\t\t\t<\/div>\n\t\t\t\t\t<\/div>\n\t\t<\/div>\n\t\t\t\t\t\t\t\t<\/div>\n\t\t\t\t\t<\/div>\n\t\t<\/section>\n\t\t\t\t<section class=\"elementor-section elementor-top-section elementor-element elementor-element-e1b560e elementor-section-boxed elementor-section-height-default elementor-section-height-default\" data-id=\"e1b560e\" data-element_type=\"section\">\n\t\t\t\t\t\t<div class=\"elementor-container elementor-column-gap-default\">\n\t\t\t\t\t\t\t<div class=\"elementor-row\">\n\t\t\t\t\t<div class=\"elementor-column elementor-col-100 elementor-top-column elementor-element elementor-element-c16fda0\" data-id=\"c16fda0\" data-element_type=\"column\">\n\t\t\t<div class=\"elementor-column-wrap elementor-element-populated\">\n\t\t\t\t\t\t\t<div class=\"elementor-widget-wrap\">\n\t\t\t\t\t\t<div class=\"elementor-element elementor-element-81b1054 elementor-widget elementor-widget-text-editor\" data-id=\"81b1054\" data-element_type=\"widget\" data-widget_type=\"text-editor.default\">\n\t\t\t\t<div class=\"elementor-widget-container\">\n\t\t\t\t\t<div class=\"elementor-text-editor elementor-clearfix\"><p>\u00a0<\/p><hr \/><hr \/><\/div>\n\t\t\t\t<\/div>\n\t\t\t\t<\/div>\n\t\t\t\t\t\t<\/div>\n\t\t\t\t\t<\/div>\n\t\t<\/div>\n\t\t\t\t\t\t\t\t<\/div>\n\t\t\t\t\t<\/div>\n\t\t<\/section>\n\t\t\t\t\t\t<\/div>\n\t\t\t\t\t\t<\/div>\n\t\t\t\t\t<\/div>\n\t\t","protected":false},"excerpt":{"rendered":"<p>Kogudus EELK P\u00f6ide Maarja kogudusReg nr 80210941e-post: poide [at] eelk.eeAadress: P\u00f6ide kirikla, 94520 Saaremaa vald, Saare maakond, EESTIHooldaja\u00f5petaja Veiko Vihuri, tel 52 94\u00a0476Juhatuse esimees Argo P\u00fcssim, tel 51 947 844, argo.pyssim [at] gmail.comPangakontod: SWED EE292200001120136950 Koguduse remondi- ja orelifond: SWED EE232200221039772450 P\u00f6ide Maarja kogudus on saanud alguse 13. sajandil. Luterlik reformatsioon 16. sajandil kulges ilma&hellip;<\/p>\n","protected":false},"author":1,"featured_media":0,"parent":0,"menu_order":0,"comment_status":"closed","ping_status":"closed","template":"","meta":{"footnotes":""},"class_list":["post-538","page","type-page","status-publish","hentry","post"],"_links":{"self":[{"href":"https:\/\/poidekirik.ee\/index.php?rest_route=\/wp\/v2\/pages\/538","targetHints":{"allow":["GET"]}}],"collection":[{"href":"https:\/\/poidekirik.ee\/index.php?rest_route=\/wp\/v2\/pages"}],"about":[{"href":"https:\/\/poidekirik.ee\/index.php?rest_route=\/wp\/v2\/types\/page"}],"author":[{"embeddable":true,"href":"https:\/\/poidekirik.ee\/index.php?rest_route=\/wp\/v2\/users\/1"}],"replies":[{"embeddable":true,"href":"https:\/\/poidekirik.ee\/index.php?rest_route=%2Fwp%2Fv2%2Fcomments&post=538"}],"version-history":[{"count":47,"href":"https:\/\/poidekirik.ee\/index.php?rest_route=\/wp\/v2\/pages\/538\/revisions"}],"predecessor-version":[{"id":1561,"href":"https:\/\/poidekirik.ee\/index.php?rest_route=\/wp\/v2\/pages\/538\/revisions\/1561"}],"wp:attachment":[{"href":"https:\/\/poidekirik.ee\/index.php?rest_route=%2Fwp%2Fv2%2Fmedia&parent=538"}],"curies":[{"name":"wp","href":"https:\/\/api.w.org\/{rel}","templated":true}]}}