{"id":541,"date":"2020-10-01T14:26:32","date_gmt":"2020-10-01T14:26:32","guid":{"rendered":"https:\/\/poidekirik.ee\/?page_id=541"},"modified":"2021-03-04T09:40:17","modified_gmt":"2021-03-04T09:40:17","slug":"sihtasutus","status":"publish","type":"page","link":"https:\/\/poidekirik.ee\/?page_id=541","title":{"rendered":"Sihtasutus"},"content":{"rendered":"\t\t<div data-elementor-type=\"wp-page\" data-elementor-id=\"541\" class=\"elementor elementor-541\" data-elementor-settings=\"[]\">\n\t\t\t\t\t\t<div class=\"elementor-inner\">\n\t\t\t\t\t\t\t<div class=\"elementor-section-wrap\">\n\t\t\t\t\t\t\t<section class=\"elementor-section elementor-top-section elementor-element elementor-element-f937beb elementor-section-boxed elementor-section-height-default elementor-section-height-default\" data-id=\"f937beb\" data-element_type=\"section\">\n\t\t\t\t\t\t<div class=\"elementor-container elementor-column-gap-default\">\n\t\t\t\t\t\t\t<div class=\"elementor-row\">\n\t\t\t\t\t<div class=\"elementor-column elementor-col-100 elementor-top-column elementor-element elementor-element-cbafbfb\" data-id=\"cbafbfb\" data-element_type=\"column\">\n\t\t\t<div class=\"elementor-column-wrap elementor-element-populated\">\n\t\t\t\t\t\t\t<div class=\"elementor-widget-wrap\">\n\t\t\t\t\t\t<div class=\"elementor-element elementor-element-2997b23 elementor-widget elementor-widget-image\" data-id=\"2997b23\" data-element_type=\"widget\" data-widget_type=\"image.default\">\n\t\t\t\t<div class=\"elementor-widget-container\">\n\t\t\t\t\t<div class=\"elementor-image\">\n\t\t\t\t\t\t\t\t\t\t<img decoding=\"async\" src=\"https:\/\/poidekirik.ee\/wp-content\/uploads\/elementor\/thumbs\/remontti-ok-owhg0245ehjvzueomzcaprxu1r4ygtsn5gnapvm9fo.png\" title=\"remontti ok\" alt=\"remontti ok\" \/>\t\t\t\t\t\t\t\t\t\t\t<\/div>\n\t\t\t\t<\/div>\n\t\t\t\t<\/div>\n\t\t\t\t<div class=\"elementor-element elementor-element-0716946 elementor-widget elementor-widget-heading\" data-id=\"0716946\" data-element_type=\"widget\" data-widget_type=\"heading.default\">\n\t\t\t\t<div class=\"elementor-widget-container\">\n\t\t\t<h2 class=\"elementor-heading-title elementor-size-default\">Sihtasutus<\/h2>\t\t<\/div>\n\t\t\t\t<\/div>\n\t\t\t\t\t\t<\/div>\n\t\t\t\t\t<\/div>\n\t\t<\/div>\n\t\t\t\t\t\t\t\t<\/div>\n\t\t\t\t\t<\/div>\n\t\t<\/section>\n\t\t\t\t<section class=\"elementor-section elementor-top-section elementor-element elementor-element-f67b826 elementor-section-boxed elementor-section-height-default elementor-section-height-default\" data-id=\"f67b826\" data-element_type=\"section\">\n\t\t\t\t\t\t<div class=\"elementor-container elementor-column-gap-default\">\n\t\t\t\t\t\t\t<div class=\"elementor-row\">\n\t\t\t\t\t<div class=\"elementor-column elementor-col-100 elementor-top-column elementor-element elementor-element-02b8ad1\" data-id=\"02b8ad1\" data-element_type=\"column\">\n\t\t\t<div class=\"elementor-column-wrap elementor-element-populated\">\n\t\t\t\t\t\t\t<div class=\"elementor-widget-wrap\">\n\t\t\t\t\t\t<div class=\"elementor-element elementor-element-efd6863 elementor-widget elementor-widget-text-editor\" data-id=\"efd6863\" data-element_type=\"widget\" data-widget_type=\"text-editor.default\">\n\t\t\t\t<div class=\"elementor-widget-container\">\n\t\t\t\t\t<div class=\"elementor-text-editor elementor-clearfix\"><p class=\"p1\">P\u00f6ide Maarja Kiriku Sihtasutus loodi 13. m\u00e4rtsil 2012 EELK P\u00f6ide Maarja koguduse ja toonase P\u00f6ide valla poolt.<\/p><p>Selle eesm\u00e4rgiks on kogudust toetada kirikuhoone renoveerimisel ja arendamisel. P\u00f5hikirjaliste eesm\u00e4rkidena on kirjas P\u00f6ide Maarja kiriku kui unikaalse arhitektuuri- ja ajaloom\u00e4lestise p\u00e4\u00e4stmine h\u00e4vimisest, selle taastamine kiriklike funktsioonide s\u00e4ilimise ja laiendamise ning Saaremaal ainulaadse ja omap\u00e4rase suurejoonelise kontserdisaali ning turismiobjektina kasutamise eesm\u00e4rgil.<\/p><p class=\"p1\">Sihtasutuse kaheksaliikmelise n\u00f5ukogu esimesse koosseisu kuulusid koguduse poolt nimetatud liikmetena: <br \/>n\u00f5ukogu esimees, Saarte praost Veiko Vihuri ja liikmed Heidi Madisson, Meelis P\u00e4rn ja Anne Untera ning P\u00f6ide valla poolt nimetatud liikmetena: Maire K\u00e4\u00e4rid, Vilmar Laak, Angela Nairis ning Jaan Tamm. Esimene sihtasutuse juhatuse liige oli Gerri Gr\u00fcnberg, teine Andi Angel.<\/p><p class=\"p1\">2020. aastal on P\u00f6ide Maarja Kiriku Sihtasutuse n\u00f5ukogu esimees Jaan Tamm, liikmed Elje Kula, Maire K\u00e4\u00e4rid, Vilmar Laak, Angela Nairis, Meelis P\u00e4rn, Argo P\u00fcssim ja Maarja Truumees. Sihtasutuse juhatuse liige on Anne Untera.<\/p><p class=\"p1\"><strong>\u00c4riregistri kood:<\/strong> <br \/>90010798<\/p><p class=\"p1\"><strong>Kontakt:<\/strong> <br \/>telefon 56 622 452, <br \/>poide.kirik [at] gmail.com; <br \/>anne.untera [at] gmail.com<\/p><p class=\"p1\"><strong>Postiaadress:<\/strong> <br \/>Maarja, P\u00f6ide k\u00fcla, 94520 Saaremaa vald, Saare maakond, EESTI<\/p><p class=\"p1\"><strong>Arveldusarve:<\/strong> <br \/>Swedbank EE492200221054650133 <br \/>P\u00f6ide Maarja Kiriku Sihtasutus<\/p><\/div>\n\t\t\t\t<\/div>\n\t\t\t\t<\/div>\n\t\t\t\t\t\t<\/div>\n\t\t\t\t\t<\/div>\n\t\t<\/div>\n\t\t\t\t\t\t\t\t<\/div>\n\t\t\t\t\t<\/div>\n\t\t<\/section>\n\t\t\t\t\t\t<\/div>\n\t\t\t\t\t\t<\/div>\n\t\t\t\t\t<\/div>\n\t\t","protected":false},"excerpt":{"rendered":"<p>Sihtasutus P\u00f6ide Maarja Kiriku Sihtasutus loodi 13. m\u00e4rtsil 2012 EELK P\u00f6ide Maarja koguduse ja toonase P\u00f6ide valla poolt. Selle eesm\u00e4rgiks on kogudust toetada kirikuhoone renoveerimisel ja arendamisel. P\u00f5hikirjaliste eesm\u00e4rkidena on kirjas P\u00f6ide Maarja kiriku kui unikaalse arhitektuuri- ja ajaloom\u00e4lestise p\u00e4\u00e4stmine h\u00e4vimisest, selle taastamine kiriklike funktsioonide s\u00e4ilimise ja laiendamise ning Saaremaal ainulaadse ja omap\u00e4rase suurejoonelise kontserdisaali&hellip;<\/p>\n","protected":false},"author":1,"featured_media":0,"parent":0,"menu_order":0,"comment_status":"closed","ping_status":"closed","template":"","meta":{"footnotes":""},"class_list":["post-541","page","type-page","status-publish","hentry","post"],"_links":{"self":[{"href":"https:\/\/poidekirik.ee\/index.php?rest_route=\/wp\/v2\/pages\/541","targetHints":{"allow":["GET"]}}],"collection":[{"href":"https:\/\/poidekirik.ee\/index.php?rest_route=\/wp\/v2\/pages"}],"about":[{"href":"https:\/\/poidekirik.ee\/index.php?rest_route=\/wp\/v2\/types\/page"}],"author":[{"embeddable":true,"href":"https:\/\/poidekirik.ee\/index.php?rest_route=\/wp\/v2\/users\/1"}],"replies":[{"embeddable":true,"href":"https:\/\/poidekirik.ee\/index.php?rest_route=%2Fwp%2Fv2%2Fcomments&post=541"}],"version-history":[{"count":20,"href":"https:\/\/poidekirik.ee\/index.php?rest_route=\/wp\/v2\/pages\/541\/revisions"}],"predecessor-version":[{"id":1461,"href":"https:\/\/poidekirik.ee\/index.php?rest_route=\/wp\/v2\/pages\/541\/revisions\/1461"}],"wp:attachment":[{"href":"https:\/\/poidekirik.ee\/index.php?rest_route=%2Fwp%2Fv2%2Fmedia&parent=541"}],"curies":[{"name":"wp","href":"https:\/\/api.w.org\/{rel}","templated":true}]}}