{"id":544,"date":"2020-10-01T14:27:42","date_gmt":"2020-10-01T14:27:42","guid":{"rendered":"https:\/\/poidekirik.ee\/?page_id=544"},"modified":"2021-02-18T19:45:33","modified_gmt":"2021-02-18T19:45:33","slug":"uudised","status":"publish","type":"page","link":"https:\/\/poidekirik.ee\/?page_id=544","title":{"rendered":"S\u00fcndmused"},"content":{"rendered":"\t\t<div data-elementor-type=\"wp-page\" data-elementor-id=\"544\" class=\"elementor elementor-544\" data-elementor-settings=\"[]\">\n\t\t\t\t\t\t<div class=\"elementor-inner\">\n\t\t\t\t\t\t\t<div class=\"elementor-section-wrap\">\n\t\t\t\t\t\t\t<section class=\"elementor-section elementor-top-section elementor-element elementor-element-f937beb elementor-section-boxed elementor-section-height-default elementor-section-height-default\" data-id=\"f937beb\" data-element_type=\"section\">\n\t\t\t\t\t\t<div class=\"elementor-container elementor-column-gap-default\">\n\t\t\t\t\t\t\t<div class=\"elementor-row\">\n\t\t\t\t\t<div class=\"elementor-column elementor-col-100 elementor-top-column elementor-element elementor-element-cbafbfb\" data-id=\"cbafbfb\" data-element_type=\"column\">\n\t\t\t<div class=\"elementor-column-wrap elementor-element-populated\">\n\t\t\t\t\t\t\t<div class=\"elementor-widget-wrap\">\n\t\t\t\t\t\t<div class=\"elementor-element elementor-element-2997b23 elementor-widget elementor-widget-image\" data-id=\"2997b23\" data-element_type=\"widget\" data-widget_type=\"image.default\">\n\t\t\t\t<div class=\"elementor-widget-container\">\n\t\t\t\t\t<div class=\"elementor-image\">\n\t\t\t\t\t\t\t\t\t\t<img decoding=\"async\" src=\"https:\/\/poidekirik.ee\/wp-content\/uploads\/elementor\/thumbs\/kynttila\u0308t-ja-tyhja\u0308-sali-ok-1-owi26dfju0duhct81k2hvto8pqciui1qkr22x1y6v8.jpg\" title=\"kynttila\u0308t ja tyhja\u0308 sali ok\" alt=\"kynttila\u0308t ja tyhja\u0308 sali ok\" \/>\t\t\t\t\t\t\t\t\t\t\t<\/div>\n\t\t\t\t<\/div>\n\t\t\t\t<\/div>\n\t\t\t\t<div class=\"elementor-element elementor-element-0716946 elementor-widget elementor-widget-heading\" data-id=\"0716946\" data-element_type=\"widget\" data-widget_type=\"heading.default\">\n\t\t\t\t<div class=\"elementor-widget-container\">\n\t\t\t<h2 class=\"elementor-heading-title elementor-size-default\">S\u00fcndmused<\/h2>\t\t<\/div>\n\t\t\t\t<\/div>\n\t\t\t\t\t\t<\/div>\n\t\t\t\t\t<\/div>\n\t\t<\/div>\n\t\t\t\t\t\t\t\t<\/div>\n\t\t\t\t\t<\/div>\n\t\t<\/section>\n\t\t\t\t<section class=\"elementor-section elementor-top-section elementor-element elementor-element-9de12bf elementor-section-boxed elementor-section-height-default elementor-section-height-default\" data-id=\"9de12bf\" data-element_type=\"section\">\n\t\t\t\t\t\t<div class=\"elementor-container elementor-column-gap-default\">\n\t\t\t\t\t\t\t<div class=\"elementor-row\">\n\t\t\t\t\t<div class=\"elementor-column elementor-col-33 elementor-top-column elementor-element elementor-element-f3fe678\" data-id=\"f3fe678\" data-element_type=\"column\">\n\t\t\t<div class=\"elementor-column-wrap\">\n\t\t\t\t\t\t\t<div class=\"elementor-widget-wrap\">\n\t\t\t\t\t\t\t\t<\/div>\n\t\t\t\t\t<\/div>\n\t\t<\/div>\n\t\t\t\t<div class=\"elementor-column elementor-col-33 elementor-top-column elementor-element elementor-element-7db6267\" data-id=\"7db6267\" data-element_type=\"column\">\n\t\t\t<div class=\"elementor-column-wrap elementor-element-populated\">\n\t\t\t\t\t\t\t<div class=\"elementor-widget-wrap\">\n\t\t\t\t\t\t<div class=\"elementor-element elementor-element-9ac30aa elementor-widget elementor-widget-text-editor\" data-id=\"9ac30aa\" data-element_type=\"widget\" data-widget_type=\"text-editor.default\">\n\t\t\t\t<div class=\"elementor-widget-container\">\n\t\t\t\t\t<div class=\"elementor-text-editor elementor-clearfix\"><p>Kasutame ka Facebooki.<br \/>Sealt leiate palju teavet eelseisvate ja m\u00f6\u00f6dunud s\u00fcndmuste kohta. <br \/>Link leidub men\u00fc\u00fcst &#8220;Facebook&#8221;.<\/p><p><strong>Allpool on l\u00fchike \u00fclevaade eelmistest aastatest.<\/strong><\/p><\/div>\n\t\t\t\t<\/div>\n\t\t\t\t<\/div>\n\t\t\t\t\t\t<\/div>\n\t\t\t\t\t<\/div>\n\t\t<\/div>\n\t\t\t\t<div class=\"elementor-column elementor-col-33 elementor-top-column elementor-element elementor-element-b759bfb\" data-id=\"b759bfb\" data-element_type=\"column\">\n\t\t\t<div class=\"elementor-column-wrap\">\n\t\t\t\t\t\t\t<div class=\"elementor-widget-wrap\">\n\t\t\t\t\t\t\t\t<\/div>\n\t\t\t\t\t<\/div>\n\t\t<\/div>\n\t\t\t\t\t\t\t\t<\/div>\n\t\t\t\t\t<\/div>\n\t\t<\/section>\n\t\t\t\t<section class=\"elementor-section elementor-top-section elementor-element elementor-element-f67b826 elementor-section-boxed elementor-section-height-default elementor-section-height-default\" data-id=\"f67b826\" data-element_type=\"section\">\n\t\t\t\t\t\t<div class=\"elementor-container elementor-column-gap-default\">\n\t\t\t\t\t\t\t<div class=\"elementor-row\">\n\t\t\t\t\t<div class=\"elementor-column elementor-col-100 elementor-top-column elementor-element elementor-element-02b8ad1\" data-id=\"02b8ad1\" data-element_type=\"column\">\n\t\t\t<div class=\"elementor-column-wrap elementor-element-populated\">\n\t\t\t\t\t\t\t<div class=\"elementor-widget-wrap\">\n\t\t\t\t\t\t<div class=\"elementor-element elementor-element-efd6863 elementor-widget elementor-widget-text-editor\" data-id=\"efd6863\" data-element_type=\"widget\" data-widget_type=\"text-editor.default\">\n\t\t\t\t<div class=\"elementor-widget-container\">\n\t\t\t\t\t<div class=\"elementor-text-editor elementor-clearfix\"><p><em>Jumalateenistuste k\u00f5rval<\/em><br \/><em>on erinevaid s\u00fcndmusi P\u00f6ide kirikus olnud v\u00e4ga palju \u2013 uurimist\u00f6\u00f6d, loengud kiriku ja ordulinnuse kohta, talgud, heinamaarjap\u00e4eva (2. juuli) ja kiriku nimep\u00e4eva, rukkimaarjap\u00e4eva (15. august) t\u00e4histamised.\u00a0<\/em><\/p><p><em>Esile v\u00f5iks tuua m\u00f5ned olulisemad m\u00f6\u00f6dunud k\u00fcmnendist.<\/em><\/p><p><strong>2012<\/strong> <br \/>26. detsembril algas P\u00f6ide kiriku katuse renoveerimine. 2014 valmis kiriku uus, algse k\u00f5rgusega katus. Restaureerimist\u00f6id on teostanud peamiselt firma \u201eR\u00e4ndmeister\u201c.<\/p><p><strong>2015<\/strong> <br \/>valmisid kolm torniv\u00f5lviku vitraa\u017ei, nende valmimist toetasid Saaremaa R\u00fc\u00fctelkond ja Balti R\u00fc\u00fctelkondade Liit. Samal aastal rajati maarjakaskede allee.<\/p><p><strong>2016<\/strong> <br \/>restaureeriti P\u00f6ide kiriku peaportaal, torniluugid ja \u00fclej\u00e4\u00e4nud kolm vitraa\u017eakent (autor Illar Kannelm\u00e4e). \u00dche k\u00f5rge vitraa\u017eakna valmimist toetasid Eesti Muinsuskaitse Seltsi s\u00f5brad Torontos, Kanadas.<\/p><p>Restaureeriti keskaegne ristimiskivi ning paigutati see altariruumi.<\/p><p>Avastati tornialuses ka l\u00e4\u00e4nev\u00f5lvikus laev\u00f5lvi maaling ja 2019 l\u00f5petati selle konserveerimine.<\/p><p><strong>2017<\/strong> <br \/>valmis vitraa\u017eaken \u201eAve Maria\u201c (autor Elo Sova) kiriku pikihoone l\u00f5unaseinas. T\u00e4histati teema-aastat \u201cReformatsioon 500\u201d, kiriku \u00f5uele istutati \u00f5unapuu. Asutati pastoraadis suvine Roosikohvik.<\/p><p><strong>2018<\/strong> <br \/>sai P\u00f6ide kirik \u00f6ise v\u00e4lisvalgustuse<\/p><p><strong>2019<\/strong> <br \/>algas sisevalgustuse v\u00e4ljaehitamine<\/p><p><strong><br \/>Kontserdid<\/strong><\/p><p>Kaunite sakraalmuusika kontsertidega on P\u00f6ide kirikus esinenud ansamblid Tuli Taevast (2016, 2017), L\u00e4\u00e4nesaarte kammerorkester (2018), Vox Clamantis (2019), Hortus Musicus (2018, 2019, 2020).<br \/><span lang=\"DE\">Eesti-hollandi fl<\/span><span lang=\"DE\">\u00f6<\/span><span lang=\"DE\">tist Liis Lulla-Knape on juba 13 aastat andnud P<\/span><span lang=\"DE\">\u00f6<\/span><span lang=\"DE\">ide kiriku toetuseks heategevusliku suvise fl<\/span><span lang=\"DE\">\u00f6\u00f6<\/span><span lang=\"DE\">dikontserdi.<\/span><\/p><\/div>\n\t\t\t\t<\/div>\n\t\t\t\t<\/div>\n\t\t\t\t\t\t<\/div>\n\t\t\t\t\t<\/div>\n\t\t<\/div>\n\t\t\t\t\t\t\t\t<\/div>\n\t\t\t\t\t<\/div>\n\t\t<\/section>\n\t\t\t\t\t\t<\/div>\n\t\t\t\t\t\t<\/div>\n\t\t\t\t\t<\/div>\n\t\t","protected":false},"excerpt":{"rendered":"<p>S\u00fcndmused Kasutame ka Facebooki.Sealt leiate palju teavet eelseisvate ja m\u00f6\u00f6dunud s\u00fcndmuste kohta. Link leidub men\u00fc\u00fcst &#8220;Facebook&#8221;. Allpool on l\u00fchike \u00fclevaade eelmistest aastatest. Jumalateenistuste k\u00f5rvalon erinevaid s\u00fcndmusi P\u00f6ide kirikus olnud v\u00e4ga palju \u2013 uurimist\u00f6\u00f6d, loengud kiriku ja ordulinnuse kohta, talgud, heinamaarjap\u00e4eva (2. juuli) ja kiriku nimep\u00e4eva, rukkimaarjap\u00e4eva (15. august) t\u00e4histamised.\u00a0 Esile v\u00f5iks tuua m\u00f5ned olulisemad m\u00f6\u00f6dunud&hellip;<\/p>\n","protected":false},"author":1,"featured_media":0,"parent":0,"menu_order":0,"comment_status":"closed","ping_status":"closed","template":"","meta":{"footnotes":""},"class_list":["post-544","page","type-page","status-publish","hentry","post"],"_links":{"self":[{"href":"https:\/\/poidekirik.ee\/index.php?rest_route=\/wp\/v2\/pages\/544","targetHints":{"allow":["GET"]}}],"collection":[{"href":"https:\/\/poidekirik.ee\/index.php?rest_route=\/wp\/v2\/pages"}],"about":[{"href":"https:\/\/poidekirik.ee\/index.php?rest_route=\/wp\/v2\/types\/page"}],"author":[{"embeddable":true,"href":"https:\/\/poidekirik.ee\/index.php?rest_route=\/wp\/v2\/users\/1"}],"replies":[{"embeddable":true,"href":"https:\/\/poidekirik.ee\/index.php?rest_route=%2Fwp%2Fv2%2Fcomments&post=544"}],"version-history":[{"count":44,"href":"https:\/\/poidekirik.ee\/index.php?rest_route=\/wp\/v2\/pages\/544\/revisions"}],"predecessor-version":[{"id":1418,"href":"https:\/\/poidekirik.ee\/index.php?rest_route=\/wp\/v2\/pages\/544\/revisions\/1418"}],"wp:attachment":[{"href":"https:\/\/poidekirik.ee\/index.php?rest_route=%2Fwp%2Fv2%2Fmedia&parent=544"}],"curies":[{"name":"wp","href":"https:\/\/api.w.org\/{rel}","templated":true}]}}