{"id":682,"date":"2020-10-02T10:06:09","date_gmt":"2020-10-02T10:06:09","guid":{"rendered":"https:\/\/poidekirik.ee\/?page_id=682"},"modified":"2021-03-04T09:32:37","modified_gmt":"2021-03-04T09:32:37","slug":"foundation","status":"publish","type":"page","link":"https:\/\/poidekirik.ee\/?page_id=682","title":{"rendered":"Foundation"},"content":{"rendered":"\t\t<div data-elementor-type=\"wp-page\" data-elementor-id=\"682\" class=\"elementor elementor-682\" data-elementor-settings=\"[]\">\n\t\t\t\t\t\t<div class=\"elementor-inner\">\n\t\t\t\t\t\t\t<div class=\"elementor-section-wrap\">\n\t\t\t\t\t\t\t<section class=\"elementor-section elementor-top-section elementor-element elementor-element-f937beb elementor-section-boxed elementor-section-height-default elementor-section-height-default\" data-id=\"f937beb\" data-element_type=\"section\">\n\t\t\t\t\t\t<div class=\"elementor-container elementor-column-gap-default\">\n\t\t\t\t\t\t\t<div class=\"elementor-row\">\n\t\t\t\t\t<div class=\"elementor-column elementor-col-100 elementor-top-column elementor-element elementor-element-cbafbfb\" data-id=\"cbafbfb\" data-element_type=\"column\">\n\t\t\t<div class=\"elementor-column-wrap elementor-element-populated\">\n\t\t\t\t\t\t\t<div class=\"elementor-widget-wrap\">\n\t\t\t\t\t\t<div class=\"elementor-element elementor-element-2997b23 elementor-widget elementor-widget-image\" data-id=\"2997b23\" data-element_type=\"widget\" data-widget_type=\"image.default\">\n\t\t\t\t<div class=\"elementor-widget-container\">\n\t\t\t\t\t<div class=\"elementor-image\">\n\t\t\t\t\t\t\t\t\t\t<img decoding=\"async\" src=\"https:\/\/poidekirik.ee\/wp-content\/uploads\/elementor\/thumbs\/remontti-ok-owhg0245ehjvzueomzcaprxu1r4ygtsn5gnapvm9fo.png\" title=\"remontti ok\" alt=\"remontti ok\" \/>\t\t\t\t\t\t\t\t\t\t\t<\/div>\n\t\t\t\t<\/div>\n\t\t\t\t<\/div>\n\t\t\t\t<div class=\"elementor-element elementor-element-0716946 elementor-widget elementor-widget-heading\" data-id=\"0716946\" data-element_type=\"widget\" data-widget_type=\"heading.default\">\n\t\t\t\t<div class=\"elementor-widget-container\">\n\t\t\t<h2 class=\"elementor-heading-title elementor-size-default\">Foundation<\/h2>\t\t<\/div>\n\t\t\t\t<\/div>\n\t\t\t\t\t\t<\/div>\n\t\t\t\t\t<\/div>\n\t\t<\/div>\n\t\t\t\t\t\t\t\t<\/div>\n\t\t\t\t\t<\/div>\n\t\t<\/section>\n\t\t\t\t<section class=\"elementor-section elementor-top-section elementor-element elementor-element-f67b826 elementor-section-boxed elementor-section-height-default elementor-section-height-default\" data-id=\"f67b826\" data-element_type=\"section\">\n\t\t\t\t\t\t<div class=\"elementor-container elementor-column-gap-default\">\n\t\t\t\t\t\t\t<div class=\"elementor-row\">\n\t\t\t\t\t<div class=\"elementor-column elementor-col-100 elementor-top-column elementor-element elementor-element-02b8ad1\" data-id=\"02b8ad1\" data-element_type=\"column\">\n\t\t\t<div class=\"elementor-column-wrap elementor-element-populated\">\n\t\t\t\t\t\t\t<div class=\"elementor-widget-wrap\">\n\t\t\t\t\t\t<div class=\"elementor-element elementor-element-efd6863 elementor-widget elementor-widget-text-editor\" data-id=\"efd6863\" data-element_type=\"widget\" data-widget_type=\"text-editor.default\">\n\t\t\t\t<div class=\"elementor-widget-container\">\n\t\t\t\t\t<div class=\"elementor-text-editor elementor-clearfix\"><p class=\"p1\">The Foundation of P\u00f6ide St. Mary\u2019s Church was founded by the P\u00f6ide Saint Mary\u2019s congregation of the Estonian Evangelical Lutheran Church and by the then P\u00f6ide Rural Municipality on March 13, 2012, to support the congregation in renovation of the church.<\/p><p>The objective of the Foundation, according to the articles of association, is to save St. Mary\u2019s Church of P\u00f6ide &#8211; a unique architectural and historical monument from destruction, to carry out its restoration for preserving and extension of its religious and clerical functions, as well as to promote the church as an impressive concert hall and a tourist attraction.<\/p><p class=\"p1\">The first 8-member Supervisory Board of the Foundation included on behalf of the congregation Rev. Veiko Vihuri, Dean of the Saarte Deanery (Chairman of the Board of the Foundation); Ms Heidi Madisson, Mr Meelis P\u00e4rn and Ms Anne Untera; and on behalf of P\u00f6ide Rural Municipality Ms Maire K\u00e4\u00e4rid, Mr Vilmar Laak, Ms Angela Nairis and Mr Jaan Tamm. The first member of the Management Board of the Foundation was Mr Gerri Gr\u00fcnberg, followed by Mr Andi Angel.<\/p><p class=\"p1\">As of 2020, the Chairman of the Board is Mr Jaan Tamm. Members of the Board: Ms Elje Kula, Ms Maire K\u00e4\u00e4rid, Mr Vilmar Laak, Ms Angela Nairis, Mr Meelis P\u00e4rn, Mr Argo P\u00fcssim, and Ms Maarja Truumees. Member of the Management Board is Ms Anne Untera.<\/p><p class=\"p1\"><b>Commercial registry code:<\/b><br \/>90010798<\/p><p class=\"p1\"><b>Telephone:<\/b><br \/>+372 56 622 452,<\/p><p class=\"p1\"><b>E-mail:<\/b><br \/>poide.kirik [at] gmail.com; anne.untera [at] gmail.com<\/p><p class=\"p1\"><b>Postal address:<\/b><span class=\"Apple-converted-space\"><br \/><\/span>Maarja, P\u00f6ide k\u00fcla,<br \/>94520 Saaremaa vald, Saare maakond, ESTONIA<\/p><p class=\"p1\"><b>Bank account:<\/b><br \/>Swedbank EE492200221054650133<br \/>P\u00f6ide Maarja Kiriku Sihtasutus<\/p><\/div>\n\t\t\t\t<\/div>\n\t\t\t\t<\/div>\n\t\t\t\t\t\t<\/div>\n\t\t\t\t\t<\/div>\n\t\t<\/div>\n\t\t\t\t\t\t\t\t<\/div>\n\t\t\t\t\t<\/div>\n\t\t<\/section>\n\t\t\t\t\t\t<\/div>\n\t\t\t\t\t\t<\/div>\n\t\t\t\t\t<\/div>\n\t\t","protected":false},"excerpt":{"rendered":"<p>Foundation The Foundation of P\u00f6ide St. Mary\u2019s Church was founded by the P\u00f6ide Saint Mary\u2019s congregation of the Estonian Evangelical Lutheran Church and by the then P\u00f6ide Rural Municipality on March 13, 2012, to support the congregation in renovation of the church. The objective of the Foundation, according to the articles of association, is to&hellip;<\/p>\n","protected":false},"author":1,"featured_media":0,"parent":0,"menu_order":0,"comment_status":"closed","ping_status":"closed","template":"","meta":{"footnotes":""},"class_list":["post-682","page","type-page","status-publish","hentry","post"],"_links":{"self":[{"href":"https:\/\/poidekirik.ee\/index.php?rest_route=\/wp\/v2\/pages\/682","targetHints":{"allow":["GET"]}}],"collection":[{"href":"https:\/\/poidekirik.ee\/index.php?rest_route=\/wp\/v2\/pages"}],"about":[{"href":"https:\/\/poidekirik.ee\/index.php?rest_route=\/wp\/v2\/types\/page"}],"author":[{"embeddable":true,"href":"https:\/\/poidekirik.ee\/index.php?rest_route=\/wp\/v2\/users\/1"}],"replies":[{"embeddable":true,"href":"https:\/\/poidekirik.ee\/index.php?rest_route=%2Fwp%2Fv2%2Fcomments&post=682"}],"version-history":[{"count":10,"href":"https:\/\/poidekirik.ee\/index.php?rest_route=\/wp\/v2\/pages\/682\/revisions"}],"predecessor-version":[{"id":1443,"href":"https:\/\/poidekirik.ee\/index.php?rest_route=\/wp\/v2\/pages\/682\/revisions\/1443"}],"wp:attachment":[{"href":"https:\/\/poidekirik.ee\/index.php?rest_route=%2Fwp%2Fv2%2Fmedia&parent=682"}],"curies":[{"name":"wp","href":"https:\/\/api.w.org\/{rel}","templated":true}]}}