{"id":851,"date":"2020-10-04T15:25:37","date_gmt":"2020-10-04T15:25:37","guid":{"rendered":"https:\/\/poidekirik.ee\/?page_id=851"},"modified":"2021-02-13T08:32:31","modified_gmt":"2021-02-13T08:32:31","slug":"kontakt-g","status":"publish","type":"page","link":"https:\/\/poidekirik.ee\/?page_id=851","title":{"rendered":"Kontakt (German)"},"content":{"rendered":"\t\t<div data-elementor-type=\"wp-page\" data-elementor-id=\"851\" class=\"elementor elementor-851\" data-elementor-settings=\"[]\">\n\t\t\t\t\t\t<div class=\"elementor-inner\">\n\t\t\t\t\t\t\t<div class=\"elementor-section-wrap\">\n\t\t\t\t\t\t\t<section class=\"elementor-section elementor-top-section elementor-element elementor-element-f937beb elementor-section-boxed elementor-section-height-default elementor-section-height-default\" data-id=\"f937beb\" data-element_type=\"section\">\n\t\t\t\t\t\t<div class=\"elementor-container elementor-column-gap-default\">\n\t\t\t\t\t\t\t<div class=\"elementor-row\">\n\t\t\t\t\t<div class=\"elementor-column elementor-col-100 elementor-top-column elementor-element elementor-element-cbafbfb\" data-id=\"cbafbfb\" data-element_type=\"column\">\n\t\t\t<div class=\"elementor-column-wrap elementor-element-populated\">\n\t\t\t\t\t\t\t<div class=\"elementor-widget-wrap\">\n\t\t\t\t\t\t<div class=\"elementor-element elementor-element-2997b23 elementor-widget elementor-widget-image\" data-id=\"2997b23\" data-element_type=\"widget\" data-widget_type=\"image.default\">\n\t\t\t\t<div class=\"elementor-widget-container\">\n\t\t\t\t\t<div class=\"elementor-image\">\n\t\t\t\t\t\t\t\t\t\t<img loading=\"lazy\" decoding=\"async\" width=\"300\" height=\"160\" src=\"https:\/\/poidekirik.ee\/wp-content\/uploads\/2020\/10\/05mai-016-scaled-e1601576467159-300x160.jpg\" class=\"attachment-medium size-medium\" alt=\"\" srcset=\"https:\/\/poidekirik.ee\/wp-content\/uploads\/2020\/10\/05mai-016-scaled-e1601576467159-300x160.jpg 300w, https:\/\/poidekirik.ee\/wp-content\/uploads\/2020\/10\/05mai-016-scaled-e1601576467159-1024x546.jpg 1024w, https:\/\/poidekirik.ee\/wp-content\/uploads\/2020\/10\/05mai-016-scaled-e1601576467159-768x410.jpg 768w, https:\/\/poidekirik.ee\/wp-content\/uploads\/2020\/10\/05mai-016-scaled-e1601576467159-1536x819.jpg 1536w, https:\/\/poidekirik.ee\/wp-content\/uploads\/2020\/10\/05mai-016-scaled-e1601576467159-24x13.jpg 24w, https:\/\/poidekirik.ee\/wp-content\/uploads\/2020\/10\/05mai-016-scaled-e1601576467159-36x19.jpg 36w, https:\/\/poidekirik.ee\/wp-content\/uploads\/2020\/10\/05mai-016-scaled-e1601576467159-48x26.jpg 48w, https:\/\/poidekirik.ee\/wp-content\/uploads\/2020\/10\/05mai-016-scaled-e1601576467159.jpg 1920w\" sizes=\"auto, (max-width: 300px) 100vw, 300px\" \/>\t\t\t\t\t\t\t\t\t\t\t<\/div>\n\t\t\t\t<\/div>\n\t\t\t\t<\/div>\n\t\t\t\t<div class=\"elementor-element elementor-element-0716946 elementor-widget elementor-widget-heading\" data-id=\"0716946\" data-element_type=\"widget\" data-widget_type=\"heading.default\">\n\t\t\t\t<div class=\"elementor-widget-container\">\n\t\t\t<h2 class=\"elementor-heading-title elementor-size-default\">Besuch<\/h2>\t\t<\/div>\n\t\t\t\t<\/div>\n\t\t\t\t\t\t<\/div>\n\t\t\t\t\t<\/div>\n\t\t<\/div>\n\t\t\t\t\t\t\t\t<\/div>\n\t\t\t\t\t<\/div>\n\t\t<\/section>\n\t\t\t\t<section class=\"elementor-section elementor-top-section elementor-element elementor-element-7c9b275 elementor-section-boxed elementor-section-height-default elementor-section-height-default\" data-id=\"7c9b275\" data-element_type=\"section\">\n\t\t\t\t\t\t<div class=\"elementor-container elementor-column-gap-default\">\n\t\t\t\t\t\t\t<div class=\"elementor-row\">\n\t\t\t\t\t<div class=\"elementor-column elementor-col-33 elementor-top-column elementor-element elementor-element-6cb0cc9\" data-id=\"6cb0cc9\" data-element_type=\"column\">\n\t\t\t<div class=\"elementor-column-wrap\">\n\t\t\t\t\t\t\t<div class=\"elementor-widget-wrap\">\n\t\t\t\t\t\t\t\t<\/div>\n\t\t\t\t\t<\/div>\n\t\t<\/div>\n\t\t\t\t<div class=\"elementor-column elementor-col-33 elementor-top-column elementor-element elementor-element-e8a4bdf\" data-id=\"e8a4bdf\" data-element_type=\"column\">\n\t\t\t<div class=\"elementor-column-wrap elementor-element-populated\">\n\t\t\t\t\t\t\t<div class=\"elementor-widget-wrap\">\n\t\t\t\t\t\t<div class=\"elementor-element elementor-element-84b58c2 elementor-widget elementor-widget-text-editor\" data-id=\"84b58c2\" data-element_type=\"widget\" data-widget_type=\"text-editor.default\">\n\t\t\t\t<div class=\"elementor-widget-container\">\n\t\t\t\t\t<div class=\"elementor-text-editor elementor-clearfix\"><p>Die Kirche St. Marien in P\u00f6ide hat sich den offenen Kirchen in Estland (Teeliste kirikud) angeschlossen. Von Mai bis September stehen die T\u00fcren vom Sonnenaufgang bis zum Sonnenuntergang offen. Wenn Sie die Kirche in der dunklen und kalten Jahreszeit besuchen m\u00f6chten, bitten wir Sie, sich an folgende Gemeindemitglieder zu wenden:<br \/><br \/>Argo P\u00fcssim (+372 51 947 844) <br \/>Meelis P\u00e4rn (+372 503 7008)<br \/><br \/>Wenn Sie geistlichen Beistand w\u00fcnschen, Fragen zur Geschichte oder anderen Themen haben, bitten wir Sie, Kontakt mit dem Pfarrer (+372 52 94 476), dem Vorstand der Gemeinde (+372 51 947 844) oder mit dem Vorstand der Stiftung (+372 56 622 452) aufzunehmen.<\/p><\/div>\n\t\t\t\t<\/div>\n\t\t\t\t<\/div>\n\t\t\t\t\t\t<\/div>\n\t\t\t\t\t<\/div>\n\t\t<\/div>\n\t\t\t\t<div class=\"elementor-column elementor-col-33 elementor-top-column elementor-element elementor-element-7b5d71f\" data-id=\"7b5d71f\" data-element_type=\"column\">\n\t\t\t<div class=\"elementor-column-wrap\">\n\t\t\t\t\t\t\t<div class=\"elementor-widget-wrap\">\n\t\t\t\t\t\t\t\t<\/div>\n\t\t\t\t\t<\/div>\n\t\t<\/div>\n\t\t\t\t\t\t\t\t<\/div>\n\t\t\t\t\t<\/div>\n\t\t<\/section>\n\t\t\t\t\t\t<\/div>\n\t\t\t\t\t\t<\/div>\n\t\t\t\t\t<\/div>\n\t\t","protected":false},"excerpt":{"rendered":"<p>Besuch Die Kirche St. Marien in P\u00f6ide hat sich den offenen Kirchen in Estland (Teeliste kirikud) angeschlossen. Von Mai bis September stehen die T\u00fcren vom Sonnenaufgang bis zum Sonnenuntergang offen. Wenn Sie die Kirche in der dunklen und kalten Jahreszeit besuchen m\u00f6chten, bitten wir Sie, sich an folgende Gemeindemitglieder zu wenden: Argo P\u00fcssim (+372 51&hellip;<\/p>\n","protected":false},"author":1,"featured_media":0,"parent":0,"menu_order":0,"comment_status":"closed","ping_status":"closed","template":"","meta":{"footnotes":""},"class_list":["post-851","page","type-page","status-publish","hentry","post"],"_links":{"self":[{"href":"https:\/\/poidekirik.ee\/index.php?rest_route=\/wp\/v2\/pages\/851","targetHints":{"allow":["GET"]}}],"collection":[{"href":"https:\/\/poidekirik.ee\/index.php?rest_route=\/wp\/v2\/pages"}],"about":[{"href":"https:\/\/poidekirik.ee\/index.php?rest_route=\/wp\/v2\/types\/page"}],"author":[{"embeddable":true,"href":"https:\/\/poidekirik.ee\/index.php?rest_route=\/wp\/v2\/users\/1"}],"replies":[{"embeddable":true,"href":"https:\/\/poidekirik.ee\/index.php?rest_route=%2Fwp%2Fv2%2Fcomments&post=851"}],"version-history":[{"count":9,"href":"https:\/\/poidekirik.ee\/index.php?rest_route=\/wp\/v2\/pages\/851\/revisions"}],"predecessor-version":[{"id":1413,"href":"https:\/\/poidekirik.ee\/index.php?rest_route=\/wp\/v2\/pages\/851\/revisions\/1413"}],"wp:attachment":[{"href":"https:\/\/poidekirik.ee\/index.php?rest_route=%2Fwp%2Fv2%2Fmedia&parent=851"}],"curies":[{"name":"wp","href":"https:\/\/api.w.org\/{rel}","templated":true}]}}