{"id":883,"date":"2020-10-04T16:59:21","date_gmt":"2020-10-04T16:59:21","guid":{"rendered":"https:\/\/poidekirik.ee\/?page_id=883"},"modified":"2021-02-13T08:26:46","modified_gmt":"2021-02-13T08:26:46","slug":"der-kirchengemeinde","status":"publish","type":"page","link":"https:\/\/poidekirik.ee\/?page_id=883","title":{"rendered":"Der Kirchengemeinde"},"content":{"rendered":"\t\t<div data-elementor-type=\"wp-page\" data-elementor-id=\"883\" class=\"elementor elementor-883\" data-elementor-settings=\"[]\">\n\t\t\t\t\t\t<div class=\"elementor-inner\">\n\t\t\t\t\t\t\t<div class=\"elementor-section-wrap\">\n\t\t\t\t\t\t\t<section class=\"elementor-section elementor-top-section elementor-element elementor-element-f937beb elementor-section-boxed elementor-section-height-default elementor-section-height-default\" data-id=\"f937beb\" data-element_type=\"section\">\n\t\t\t\t\t\t<div class=\"elementor-container elementor-column-gap-default\">\n\t\t\t\t\t\t\t<div class=\"elementor-row\">\n\t\t\t\t\t<div class=\"elementor-column elementor-col-100 elementor-top-column elementor-element elementor-element-cbafbfb\" data-id=\"cbafbfb\" data-element_type=\"column\">\n\t\t\t<div class=\"elementor-column-wrap elementor-element-populated\">\n\t\t\t\t\t\t\t<div class=\"elementor-widget-wrap\">\n\t\t\t\t\t\t<div class=\"elementor-element elementor-element-2997b23 elementor-widget elementor-widget-image\" data-id=\"2997b23\" data-element_type=\"widget\" data-widget_type=\"image.default\">\n\t\t\t\t<div class=\"elementor-widget-container\">\n\t\t\t\t\t<div class=\"elementor-image\">\n\t\t\t\t\t\t\t\t\t\t<img decoding=\"async\" src=\"https:\/\/poidekirik.ee\/wp-content\/uploads\/elementor\/thumbs\/k5-owc4vuskev2m8sac6z4tryz0oes8mfv57m870kyq10.png\" title=\"k5\" alt=\"k5\" \/>\t\t\t\t\t\t\t\t\t\t\t<\/div>\n\t\t\t\t<\/div>\n\t\t\t\t<\/div>\n\t\t\t\t<div class=\"elementor-element elementor-element-0716946 elementor-widget elementor-widget-heading\" data-id=\"0716946\" data-element_type=\"widget\" data-widget_type=\"heading.default\">\n\t\t\t\t<div class=\"elementor-widget-container\">\n\t\t\t<h2 class=\"elementor-heading-title elementor-size-default\">Orgel<\/h2>\t\t<\/div>\n\t\t\t\t<\/div>\n\t\t\t\t\t\t<\/div>\n\t\t\t\t\t<\/div>\n\t\t<\/div>\n\t\t\t\t\t\t\t\t<\/div>\n\t\t\t\t\t<\/div>\n\t\t<\/section>\n\t\t\t\t<section class=\"elementor-section elementor-top-section elementor-element elementor-element-f67b826 elementor-section-boxed elementor-section-height-default elementor-section-height-default\" data-id=\"f67b826\" data-element_type=\"section\">\n\t\t\t\t\t\t<div class=\"elementor-container elementor-column-gap-default\">\n\t\t\t\t\t\t\t<div class=\"elementor-row\">\n\t\t\t\t\t<div class=\"elementor-column elementor-col-100 elementor-top-column elementor-element elementor-element-02b8ad1\" data-id=\"02b8ad1\" data-element_type=\"column\">\n\t\t\t<div class=\"elementor-column-wrap elementor-element-populated\">\n\t\t\t\t\t\t\t<div class=\"elementor-widget-wrap\">\n\t\t\t\t\t\t<div class=\"elementor-element elementor-element-efd6863 elementor-widget elementor-widget-text-editor\" data-id=\"efd6863\" data-element_type=\"widget\" data-widget_type=\"text-editor.default\">\n\t\t\t\t<div class=\"elementor-widget-container\">\n\t\t\t\t\t<div class=\"elementor-text-editor elementor-clearfix\"><p><strong>M\u00f6chten Sie eine nach Ihnen benannte Orgelpfeife?<\/strong> <\/p><p>P\u00f6ide Maarja kogudus kuulutab v\u00e4lja uue annetuste kogumise kampaania oreli valmimise toetuseks. Seekord saab iga annetaja siduda oma annetuse konkreetse orelivilega. Iga annetus aitab kaasa P\u00f6ide kiriku oreli valmimisele ja ka edasisele hooldamisele. Sellele lisaks saab annetaja teadmise, et tema nimega on seotud konkreetne vile P\u00f6ide kiriku orelis. Kui soovid annetada, siis vali v\u00e4lja sobiva hinnaklassiga vile \u2013 kas pedaaliviledest v\u00f5i esimesest v\u00f5i teisest manuaalist. Igal vilel on oma t\u00e4his, kuid siinkohal ei ole v\u00f5imalik kogu loetelu esitada.<\/p><p>Die Kirche St. Marien in P\u00f6ide startet eine neue Kampagne zur Sammlung von Spenden f\u00fcr die Anschaffung einer Orgel. Dieses Mal kann jeder Spender seine Spende mit einer konkreten Orgelpfeife verbinden. Jede Spende tr\u00e4gt dazu bei, die Orgel anzuschaffen und im weiteren zu pflegen. Wenn Sie eine Spende machen m\u00f6chten, suchen Sie sich eine f\u00fcr sie passende Pfeife in der passenden Preisklasse aus, entweder unter den Pedalpfeifen oder dem ersten oder zweiten Manual. <\/p><p>P\u00f6ide oreli pedaaliviled \u2013 Subbass 16\u2019 Praegu \u201esaadaval\u201c kaksteist vilet 150 euroga, kaksteist vilet 100 euroga ja kuus vilet 50 euroga.<\/p><\/div>\n\t\t\t\t<\/div>\n\t\t\t\t<\/div>\n\t\t\t\t\t\t<\/div>\n\t\t\t\t\t<\/div>\n\t\t<\/div>\n\t\t\t\t\t\t\t\t<\/div>\n\t\t\t\t\t<\/div>\n\t\t<\/section>\n\t\t\t\t<section class=\"elementor-section elementor-top-section elementor-element elementor-element-e1b560e elementor-section-boxed elementor-section-height-default elementor-section-height-default\" data-id=\"e1b560e\" data-element_type=\"section\">\n\t\t\t\t\t\t<div class=\"elementor-container elementor-column-gap-default\">\n\t\t\t\t\t\t\t<div class=\"elementor-row\">\n\t\t\t\t\t<div class=\"elementor-column elementor-col-100 elementor-top-column elementor-element elementor-element-c16fda0\" data-id=\"c16fda0\" data-element_type=\"column\">\n\t\t\t<div class=\"elementor-column-wrap elementor-element-populated\">\n\t\t\t\t\t\t\t<div class=\"elementor-widget-wrap\">\n\t\t\t\t\t\t<div class=\"elementor-element elementor-element-81b1054 elementor-widget elementor-widget-text-editor\" data-id=\"81b1054\" data-element_type=\"widget\" data-widget_type=\"text-editor.default\">\n\t\t\t\t<div class=\"elementor-widget-container\">\n\t\t\t\t\t<div class=\"elementor-text-editor elementor-clearfix\"><p><strong>Projekt zur Orgel P\u00f6ide Kirche<\/strong><\/p><p>Die Kirche St. Marien in P\u00f6ide startet eine neue Kampagne zur Sammlung von Spenden f\u00fcr die Anschaffung einer Orgel. Dieses Mal kann jeder Spender seine Spende mit einer konkreten Orgelpfeife verbinden. Jede Spende tr\u00e4gt dazu bei, die Orgel anzuschaffen und im weiteren zu pflegen. Wenn Sie eine Spende machen m\u00f6chten, suchen Sie sich eine f\u00fcr sie passende Pfeife in der passenden Preisklasse aus, entweder unter den Pedalpfeifen oder dem ersten oder zweiten Manual.<\/p><p>Die Pedalpfeifen f\u00fcr die Orgel von P\u00f6ide: Subbass 16\u2019, Momentan sind noch 12 Pfeifen verf\u00fcgbar zum Preis von 150 Euro pro St\u00fcck, 12 Pfeifen f\u00fcr 100 Euro pro St\u00fcck und 6 Pfeifen zum Preis von 50 Euro.<\/p><p>Pfeifen des ersten Manuals: Principal 8\u2019, momentan sind noch 12 Pfeifen verf\u00fcgbar f\u00fcr 150 Euro pro Pfeife, 12 f\u00fcr 100 Euro pro Pfeife, 12 f\u00fcr 50 Euro, 12 f\u00fcr 25 und 10 mit dem Preis von 10 Euro pro Pfeife.<\/p><p>Pfeifen des zweiten Manuals: Nachthorn 8\u2019, momentan sind noch 12 Pfeifen verf\u00fcgbar f\u00fcr 150 Euro pro Pfeife, 12 f\u00fcr 100 Euro pro Pfeife, 12 f\u00fcr 50 Euro, 12 f\u00fcr 25 und 10 mit dem Preis von 10 Euro pro Pfeife.<\/p><p>Wie kann man eine Spende machen? Wenn Sie sich die Pfeife, f\u00fcr die Sie Spenden wollen, ausgesucht haben, dann schreiben Sie uns an die Mailadresse: poide@eelk.ee. <br \/>F\u00fcgen Sie auch Ihre Kontaktdaten hinzu. Schreiben Sie zum Beispiel: \u201cIch m\u00f6chte 150\/100\/25\/10 Euro f\u00fcr die Pedal\/ I Manual\/ II Manual Pfeife spenden\u201d.<\/p><p>Wir freuen uns \u00fcber Ihre Nachricht und nehmen dann Kontakt mit Ihnen auf.<\/p><p>Die Namen alles Spender werden ver\u00f6ffentlicht, so dass ersichtlich ist, wer f\u00fcr welche Pfeife gespendet hat.<\/p><p><em><strong>Status der Pfeifen ist auf der ersten Homepage zu sehen.<\/strong><\/em><\/p><\/div>\n\t\t\t\t<\/div>\n\t\t\t\t<\/div>\n\t\t\t\t\t\t<\/div>\n\t\t\t\t\t<\/div>\n\t\t<\/div>\n\t\t\t\t\t\t\t\t<\/div>\n\t\t\t\t\t<\/div>\n\t\t<\/section>\n\t\t\t\t\t\t<\/div>\n\t\t\t\t\t\t<\/div>\n\t\t\t\t\t<\/div>\n\t\t","protected":false},"excerpt":{"rendered":"<p>Orgel M\u00f6chten Sie eine nach Ihnen benannte Orgelpfeife? P\u00f6ide Maarja kogudus kuulutab v\u00e4lja uue annetuste kogumise kampaania oreli valmimise toetuseks. Seekord saab iga annetaja siduda oma annetuse konkreetse orelivilega. Iga annetus aitab kaasa P\u00f6ide kiriku oreli valmimisele ja ka edasisele hooldamisele. Sellele lisaks saab annetaja teadmise, et tema nimega on seotud konkreetne vile P\u00f6ide kiriku&hellip;<\/p>\n","protected":false},"author":1,"featured_media":0,"parent":0,"menu_order":0,"comment_status":"closed","ping_status":"closed","template":"","meta":{"footnotes":""},"class_list":["post-883","page","type-page","status-publish","hentry","post"],"_links":{"self":[{"href":"https:\/\/poidekirik.ee\/index.php?rest_route=\/wp\/v2\/pages\/883","targetHints":{"allow":["GET"]}}],"collection":[{"href":"https:\/\/poidekirik.ee\/index.php?rest_route=\/wp\/v2\/pages"}],"about":[{"href":"https:\/\/poidekirik.ee\/index.php?rest_route=\/wp\/v2\/types\/page"}],"author":[{"embeddable":true,"href":"https:\/\/poidekirik.ee\/index.php?rest_route=\/wp\/v2\/users\/1"}],"replies":[{"embeddable":true,"href":"https:\/\/poidekirik.ee\/index.php?rest_route=%2Fwp%2Fv2%2Fcomments&post=883"}],"version-history":[{"count":6,"href":"https:\/\/poidekirik.ee\/index.php?rest_route=\/wp\/v2\/pages\/883\/revisions"}],"predecessor-version":[{"id":1412,"href":"https:\/\/poidekirik.ee\/index.php?rest_route=\/wp\/v2\/pages\/883\/revisions\/1412"}],"wp:attachment":[{"href":"https:\/\/poidekirik.ee\/index.php?rest_route=%2Fwp%2Fv2%2Fmedia&parent=883"}],"curies":[{"name":"wp","href":"https:\/\/api.w.org\/{rel}","templated":true}]}}