{"id":897,"date":"2020-10-04T17:19:24","date_gmt":"2020-10-04T17:19:24","guid":{"rendered":"https:\/\/poidekirik.ee\/?page_id=897"},"modified":"2020-10-06T03:53:51","modified_gmt":"2020-10-06T03:53:51","slug":"hintergrund","status":"publish","type":"page","link":"https:\/\/poidekirik.ee\/?page_id=897","title":{"rendered":"Hintergrund"},"content":{"rendered":"\t\t<div data-elementor-type=\"wp-page\" data-elementor-id=\"897\" class=\"elementor elementor-897\" data-elementor-settings=\"[]\">\n\t\t\t\t\t\t<div class=\"elementor-inner\">\n\t\t\t\t\t\t\t<div class=\"elementor-section-wrap\">\n\t\t\t\t\t\t\t<section class=\"elementor-section elementor-top-section elementor-element elementor-element-f937beb elementor-section-boxed elementor-section-height-default elementor-section-height-default\" data-id=\"f937beb\" data-element_type=\"section\">\n\t\t\t\t\t\t<div class=\"elementor-container elementor-column-gap-default\">\n\t\t\t\t\t\t\t<div class=\"elementor-row\">\n\t\t\t\t\t<div class=\"elementor-column elementor-col-100 elementor-top-column elementor-element elementor-element-cbafbfb\" data-id=\"cbafbfb\" data-element_type=\"column\">\n\t\t\t<div class=\"elementor-column-wrap elementor-element-populated\">\n\t\t\t\t\t\t\t<div class=\"elementor-widget-wrap\">\n\t\t\t\t\t\t<div class=\"elementor-element elementor-element-2997b23 elementor-widget elementor-widget-image\" data-id=\"2997b23\" data-element_type=\"widget\" data-widget_type=\"image.default\">\n\t\t\t\t<div class=\"elementor-widget-container\">\n\t\t\t\t\t<div class=\"elementor-image\">\n\t\t\t\t\t\t\t\t\t\t<img decoding=\"async\" src=\"https:\/\/poidekirik.ee\/wp-content\/uploads\/elementor\/thumbs\/Screenskirkon-rauniothot-ok-owi0vdi2481pz92uh8q17omjg5ztzbgw44s32zmtz8.png\" title=\"Screenskirkon rauniothot ok\" alt=\"Screenskirkon rauniothot ok\" \/>\t\t\t\t\t\t\t\t\t\t\t<\/div>\n\t\t\t\t<\/div>\n\t\t\t\t<\/div>\n\t\t\t\t<div class=\"elementor-element elementor-element-0716946 elementor-widget elementor-widget-heading\" data-id=\"0716946\" data-element_type=\"widget\" data-widget_type=\"heading.default\">\n\t\t\t\t<div class=\"elementor-widget-container\">\n\t\t\t<h2 class=\"elementor-heading-title elementor-size-default\">Hintergrund<\/h2>\t\t<\/div>\n\t\t\t\t<\/div>\n\t\t\t\t\t\t<\/div>\n\t\t\t\t\t<\/div>\n\t\t<\/div>\n\t\t\t\t\t\t\t\t<\/div>\n\t\t\t\t\t<\/div>\n\t\t<\/section>\n\t\t\t\t<section class=\"elementor-section elementor-top-section elementor-element elementor-element-f67b826 elementor-section-boxed elementor-section-height-default elementor-section-height-default\" data-id=\"f67b826\" data-element_type=\"section\">\n\t\t\t\t\t\t<div class=\"elementor-container elementor-column-gap-default\">\n\t\t\t\t\t\t\t<div class=\"elementor-row\">\n\t\t\t\t\t<div class=\"elementor-column elementor-col-100 elementor-top-column elementor-element elementor-element-02b8ad1\" data-id=\"02b8ad1\" data-element_type=\"column\">\n\t\t\t<div class=\"elementor-column-wrap elementor-element-populated\">\n\t\t\t\t\t\t\t<div class=\"elementor-widget-wrap\">\n\t\t\t\t\t\t<div class=\"elementor-element elementor-element-efd6863 elementor-widget elementor-widget-text-editor\" data-id=\"efd6863\" data-element_type=\"widget\" data-widget_type=\"text-editor.default\">\n\t\t\t\t<div class=\"elementor-widget-container\">\n\t\t\t\t\t<div class=\"elementor-text-editor elementor-clearfix\"><p>In Estland, auf der Insel Saaremaa gibt es einen Landkreis, der als P\u00f6ide bekannt ist. Dort ist vom Orden im 13. Jahrhundert die Ordensburg P\u00f6ide erbaut worden. Erhalten ist nur noch die Steinkirche s\u00fcdlich der Ordensburg aus dem 13. Jahrhundert, die gr\u00f6\u00dfte Kirche in der l\u00e4ndlichen Gegend, eines der \u00e4ltesten erhalten Geb\u00e4ude in ganz Estland. Ein Geb\u00e4ude, das Gegenwart und Vergangenheit, estnische wie auch deutsche Generationen verbindet.<br \/>Als massive und stattliche, aber auch ungl\u00fcckliche, weil vom Verfall bedrohte Steinkirche, so stand sie seit Jahrzehnten und wartete auf bessere Zeiten. In der Zwischenzeit schien auch diese Hoffnung zu verschwinden. Aber, obwohl sie unserer heutigen Meinung nach im Nirgendwo steht, verdient sie es mit ihrer reichen, gr\u00f6\u00dftenteils unerforschten Geschichte und der fantastischen Akustik, dass hunderte oder sogar tausende G\u00e4ste sie besuchen und ihr eine bessere Zukunft sichern.<br \/>Warum reden wir so viel \u00fcber unsere Kirche in letzter Zeit, wenn zur gleichen Zeit, unser Land voll ist mit verfallenen Kirchen, Schulen und Kulturh\u00e4user? Deswegen, weil sie eine von noch drei der \u00e4ltesten estnischen erhaltenen Geb\u00e4ude ist, vielleicht sogar das \u00e4lteste. Diese Kirche ist eines der bedeutenden Baudenkm\u00e4ler der deutschen Kultur im Baltikum.<br \/>Die Kirchengemeinde von 30 Mitgliedern ist zu klein, um das stattliche Geb\u00e4ude, das tausende von Mitgliedern aufnehmen kann, zu unterhalten. Daher haben die Gemeinde der Kirche und die P\u00f6idegemeinde beschlossen, eine Stiftung zu gr\u00fcnden, mit dem Ziel die P\u00f6ide Kirche f\u00fcr zuk\u00fcnftige Generationen als Kirche, als Baudenkmal und als Kulturtr\u00e4ger zu halten.<br \/>Die Einf\u00fchrung in den Film &#8220;P\u00f6ide, der stumme Zeuge&#8221; ,der die Geschichte der P\u00f6ide Kirche wiederspiegelt. Drehbuch Juhan und Margit Kilumets, Regie Andres Lepasar, Kameramann Pelle Vellevoog.<\/p><\/div>\n\t\t\t\t<\/div>\n\t\t\t\t<\/div>\n\t\t\t\t\t\t<\/div>\n\t\t\t\t\t<\/div>\n\t\t<\/div>\n\t\t\t\t\t\t\t\t<\/div>\n\t\t\t\t\t<\/div>\n\t\t<\/section>\n\t\t\t\t\t\t<\/div>\n\t\t\t\t\t\t<\/div>\n\t\t\t\t\t<\/div>\n\t\t","protected":false},"excerpt":{"rendered":"<p>Hintergrund In Estland, auf der Insel Saaremaa gibt es einen Landkreis, der als P\u00f6ide bekannt ist. Dort ist vom Orden im 13. Jahrhundert die Ordensburg P\u00f6ide erbaut worden. Erhalten ist nur noch die Steinkirche s\u00fcdlich der Ordensburg aus dem 13. Jahrhundert, die gr\u00f6\u00dfte Kirche in der l\u00e4ndlichen Gegend, eines der \u00e4ltesten erhalten Geb\u00e4ude in ganz&hellip;<\/p>\n","protected":false},"author":1,"featured_media":0,"parent":0,"menu_order":0,"comment_status":"closed","ping_status":"closed","template":"","meta":{"footnotes":""},"class_list":["post-897","page","type-page","status-publish","hentry","post"],"_links":{"self":[{"href":"https:\/\/poidekirik.ee\/index.php?rest_route=\/wp\/v2\/pages\/897","targetHints":{"allow":["GET"]}}],"collection":[{"href":"https:\/\/poidekirik.ee\/index.php?rest_route=\/wp\/v2\/pages"}],"about":[{"href":"https:\/\/poidekirik.ee\/index.php?rest_route=\/wp\/v2\/types\/page"}],"author":[{"embeddable":true,"href":"https:\/\/poidekirik.ee\/index.php?rest_route=\/wp\/v2\/users\/1"}],"replies":[{"embeddable":true,"href":"https:\/\/poidekirik.ee\/index.php?rest_route=%2Fwp%2Fv2%2Fcomments&post=897"}],"version-history":[{"count":5,"href":"https:\/\/poidekirik.ee\/index.php?rest_route=\/wp\/v2\/pages\/897\/revisions"}],"predecessor-version":[{"id":1102,"href":"https:\/\/poidekirik.ee\/index.php?rest_route=\/wp\/v2\/pages\/897\/revisions\/1102"}],"wp:attachment":[{"href":"https:\/\/poidekirik.ee\/index.php?rest_route=%2Fwp%2Fv2%2Fmedia&parent=897"}],"curies":[{"name":"wp","href":"https:\/\/api.w.org\/{rel}","templated":true}]}}