{"id":989,"date":"2020-10-05T02:07:31","date_gmt":"2020-10-05T02:07:31","guid":{"rendered":"https:\/\/poidekirik.ee\/?page_id=989"},"modified":"2021-01-22T09:46:10","modified_gmt":"2021-01-22T09:46:10","slug":"tapahtumat","status":"publish","type":"page","link":"https:\/\/poidekirik.ee\/?page_id=989","title":{"rendered":"Tapahtumat"},"content":{"rendered":"\t\t<div data-elementor-type=\"wp-page\" data-elementor-id=\"989\" class=\"elementor elementor-989\" data-elementor-settings=\"[]\">\n\t\t\t\t\t\t<div class=\"elementor-inner\">\n\t\t\t\t\t\t\t<div class=\"elementor-section-wrap\">\n\t\t\t\t\t\t\t<section class=\"elementor-section elementor-top-section elementor-element elementor-element-f937beb elementor-section-boxed elementor-section-height-default elementor-section-height-default\" data-id=\"f937beb\" data-element_type=\"section\">\n\t\t\t\t\t\t<div class=\"elementor-container elementor-column-gap-default\">\n\t\t\t\t\t\t\t<div class=\"elementor-row\">\n\t\t\t\t\t<div class=\"elementor-column elementor-col-100 elementor-top-column elementor-element elementor-element-cbafbfb\" data-id=\"cbafbfb\" data-element_type=\"column\">\n\t\t\t<div class=\"elementor-column-wrap elementor-element-populated\">\n\t\t\t\t\t\t\t<div class=\"elementor-widget-wrap\">\n\t\t\t\t\t\t<div class=\"elementor-element elementor-element-2997b23 elementor-widget elementor-widget-image\" data-id=\"2997b23\" data-element_type=\"widget\" data-widget_type=\"image.default\">\n\t\t\t\t<div class=\"elementor-widget-container\">\n\t\t\t\t\t<div class=\"elementor-image\">\n\t\t\t\t\t\t\t\t\t\t<img decoding=\"async\" src=\"https:\/\/poidekirik.ee\/wp-content\/uploads\/elementor\/thumbs\/kynttila\u0308t-ja-tyhja\u0308-sali-ok-1-owi26dfju0duhct81k2hvto8pqciui1qkr22x1y6v8.jpg\" title=\"kynttila\u0308t ja tyhja\u0308 sali ok\" alt=\"kynttila\u0308t ja tyhja\u0308 sali ok\" \/>\t\t\t\t\t\t\t\t\t\t\t<\/div>\n\t\t\t\t<\/div>\n\t\t\t\t<\/div>\n\t\t\t\t<div class=\"elementor-element elementor-element-0716946 elementor-widget elementor-widget-heading\" data-id=\"0716946\" data-element_type=\"widget\" data-widget_type=\"heading.default\">\n\t\t\t\t<div class=\"elementor-widget-container\">\n\t\t\t<h2 class=\"elementor-heading-title elementor-size-default\">Tapahtumat<\/h2>\t\t<\/div>\n\t\t\t\t<\/div>\n\t\t\t\t\t\t<\/div>\n\t\t\t\t\t<\/div>\n\t\t<\/div>\n\t\t\t\t\t\t\t\t<\/div>\n\t\t\t\t\t<\/div>\n\t\t<\/section>\n\t\t\t\t<section class=\"elementor-section elementor-top-section elementor-element elementor-element-9de12bf elementor-section-boxed elementor-section-height-default elementor-section-height-default\" data-id=\"9de12bf\" data-element_type=\"section\">\n\t\t\t\t\t\t<div class=\"elementor-container elementor-column-gap-default\">\n\t\t\t\t\t\t\t<div class=\"elementor-row\">\n\t\t\t\t\t<div class=\"elementor-column elementor-col-33 elementor-top-column elementor-element elementor-element-f3fe678\" data-id=\"f3fe678\" data-element_type=\"column\">\n\t\t\t<div class=\"elementor-column-wrap\">\n\t\t\t\t\t\t\t<div class=\"elementor-widget-wrap\">\n\t\t\t\t\t\t\t\t<\/div>\n\t\t\t\t\t<\/div>\n\t\t<\/div>\n\t\t\t\t<div class=\"elementor-column elementor-col-33 elementor-top-column elementor-element elementor-element-7db6267\" data-id=\"7db6267\" data-element_type=\"column\">\n\t\t\t<div class=\"elementor-column-wrap elementor-element-populated\">\n\t\t\t\t\t\t\t<div class=\"elementor-widget-wrap\">\n\t\t\t\t\t\t<div class=\"elementor-element elementor-element-9ac30aa elementor-widget elementor-widget-text-editor\" data-id=\"9ac30aa\" data-element_type=\"widget\" data-widget_type=\"text-editor.default\">\n\t\t\t\t<div class=\"elementor-widget-container\">\n\t\t\t\t\t<div class=\"elementor-text-editor elementor-clearfix\"><p>K\u00e4yt\u00e4mme my\u00f6s Facebookia.<br \/>Sielt\u00e4 l\u00f6yd\u00e4t paljon tietoa tulevista ja menneist\u00e4 tapahtumista.<br \/>Linkki l\u00f6ytyy &#8220;Facebook&#8221; -valikosta.<\/p><p>Alla on lyhyt katsaus edellisiin vuosiin.<\/p><\/div>\n\t\t\t\t<\/div>\n\t\t\t\t<\/div>\n\t\t\t\t\t\t<\/div>\n\t\t\t\t\t<\/div>\n\t\t<\/div>\n\t\t\t\t<div class=\"elementor-column elementor-col-33 elementor-top-column elementor-element elementor-element-b759bfb\" data-id=\"b759bfb\" data-element_type=\"column\">\n\t\t\t<div class=\"elementor-column-wrap\">\n\t\t\t\t\t\t\t<div class=\"elementor-widget-wrap\">\n\t\t\t\t\t\t\t\t<\/div>\n\t\t\t\t\t<\/div>\n\t\t<\/div>\n\t\t\t\t\t\t\t\t<\/div>\n\t\t\t\t\t<\/div>\n\t\t<\/section>\n\t\t\t\t<section class=\"elementor-section elementor-top-section elementor-element elementor-element-f67b826 elementor-section-boxed elementor-section-height-default elementor-section-height-default\" data-id=\"f67b826\" data-element_type=\"section\">\n\t\t\t\t\t\t<div class=\"elementor-container elementor-column-gap-default\">\n\t\t\t\t\t\t\t<div class=\"elementor-row\">\n\t\t\t\t\t<div class=\"elementor-column elementor-col-100 elementor-top-column elementor-element elementor-element-02b8ad1\" data-id=\"02b8ad1\" data-element_type=\"column\">\n\t\t\t<div class=\"elementor-column-wrap elementor-element-populated\">\n\t\t\t\t\t\t\t<div class=\"elementor-widget-wrap\">\n\t\t\t\t\t\t<div class=\"elementor-element elementor-element-efd6863 elementor-widget elementor-widget-text-editor\" data-id=\"efd6863\" data-element_type=\"widget\" data-widget_type=\"text-editor.default\">\n\t\t\t\t<div class=\"elementor-widget-container\">\n\t\t\t\t\t<div class=\"elementor-text-editor elementor-clearfix\"><p><strong>Lyhyt katsaus edellisiin vuosiin<\/strong><\/p><p>P\u00f6iden kirkossa on jumalanpalvelusten lis\u00e4ksi ollut paljon erilaisia \u200b\u200btapahtumia &#8211; tutkimusta, luentoja kirkosta ja ritarikunnan linnoituksesta, ty\u00f6pajoja, Marianp\u00e4iv\u00e4n (2. hein\u00e4kuuta) &#8211; kirkon nimip\u00e4iv\u00e4n, rukkimaarjap\u00e4iv\u00e4n (15. elokuuta) juhlia.<\/p><p><strong>Alla muutamia viime vuosikymmenen tapahtumia<\/strong><\/p><p><strong>2012<\/strong><br \/>P\u00f6iden kirkon katon kunnostaminen aloitettiin 26. joulukuuta. Vuonna 2014 valmistui kirkon uusi katto alkuper\u00e4iseen korkeuteen. Restaurointity\u00f6t teki p\u00e4\u00e4osin &#8220;R\u00e4ndmeister&#8221; yritys.<\/p><p><strong>2015<\/strong><br \/>Valmistui kolme lasimaalausta, Saarenmaan ritarit ja Baltian ritareiden liitto tukivat niiden valmistumista. Samana vuonna rakennettiin lepp\u00e4koivujen kuja.<\/p><p><strong>2016<\/strong><br \/>Restauroitiin P\u00f6iden kirkon p\u00e4\u00e4portaali, torniluukut ja kolme muuta lasimaalausta (taiteilija Illar Kannelm\u00e4e). Viron museoviraston yst\u00e4v\u00e4t tukivat Torontossa, Kanadassa, yhden korkean lasimaalauksen valmistumista.<\/p><p>Keskiaikainen kivinen kasteallas restauroitiin ja sijoitettiin alttarihuoneeseen.<\/p><p>Kirkon l\u00e4nsiosasan kattoholvista l\u00f6ydettiin maalaus, ja vuonna 2019 valmistui sen konservointi.<\/p><p><strong>2017<\/strong><br \/>Kirkkosalin etel\u00e4sein\u00e4n ikkunaan valmistui lasimaalaus &#8220;Ave Maria&#8221; (taiteilija Elo Sova). Vietettiin &#8220;Uskonpuhdistus 500&#8221; -teemavuotta ja kirkon pihalle istutettiin omenapuu. Vanhaan pappilaan perustettiin &#8220;Roosikohvik&#8221; -kes\u00e4kahvila.<\/p><p><strong>2018<\/strong><br \/>P\u00f6iden kirkko sai y\u00f6valaistuksen.<\/p><p><strong>2019<\/strong><br \/>Sis\u00e4valaistusty\u00f6t aloitettiin.<br \/><br \/><strong>Konsertit<br \/><\/strong>Sakraalimusiikkikonsertteja ovat P\u00f6iden kirkossa antaneet yhtyeet: Tuli Taevast (2016, 2017), L\u00e4\u00e4nesaarte kammerorkester (2018), Vox Clamantis (2019), Hortus Musicus (2018, 2019, 2020).<br \/><br \/>Virolais-hollantilainen huilisti Liis Lulla-Knape on kes\u00e4isin antanut hyv\u00e4ntekev\u00e4isyyskonsertteja P\u00f6iden kirkon tueksi 13 vuoden ajan.<\/p><\/div>\n\t\t\t\t<\/div>\n\t\t\t\t<\/div>\n\t\t\t\t\t\t<\/div>\n\t\t\t\t\t<\/div>\n\t\t<\/div>\n\t\t\t\t\t\t\t\t<\/div>\n\t\t\t\t\t<\/div>\n\t\t<\/section>\n\t\t\t\t\t\t<\/div>\n\t\t\t\t\t\t<\/div>\n\t\t\t\t\t<\/div>\n\t\t","protected":false},"excerpt":{"rendered":"<p>Tapahtumat K\u00e4yt\u00e4mme my\u00f6s Facebookia.Sielt\u00e4 l\u00f6yd\u00e4t paljon tietoa tulevista ja menneist\u00e4 tapahtumista.Linkki l\u00f6ytyy &#8220;Facebook&#8221; -valikosta. Alla on lyhyt katsaus edellisiin vuosiin. Lyhyt katsaus edellisiin vuosiin P\u00f6iden kirkossa on jumalanpalvelusten lis\u00e4ksi ollut paljon erilaisia \u200b\u200btapahtumia &#8211; tutkimusta, luentoja kirkosta ja ritarikunnan linnoituksesta, ty\u00f6pajoja, Marianp\u00e4iv\u00e4n (2. hein\u00e4kuuta) &#8211; kirkon nimip\u00e4iv\u00e4n, rukkimaarjap\u00e4iv\u00e4n (15. elokuuta) juhlia. Alla muutamia viime vuosikymmenen&hellip;<\/p>\n","protected":false},"author":1,"featured_media":0,"parent":0,"menu_order":0,"comment_status":"closed","ping_status":"closed","template":"","meta":{"footnotes":""},"class_list":["post-989","page","type-page","status-publish","hentry","post"],"_links":{"self":[{"href":"https:\/\/poidekirik.ee\/index.php?rest_route=\/wp\/v2\/pages\/989","targetHints":{"allow":["GET"]}}],"collection":[{"href":"https:\/\/poidekirik.ee\/index.php?rest_route=\/wp\/v2\/pages"}],"about":[{"href":"https:\/\/poidekirik.ee\/index.php?rest_route=\/wp\/v2\/types\/page"}],"author":[{"embeddable":true,"href":"https:\/\/poidekirik.ee\/index.php?rest_route=\/wp\/v2\/users\/1"}],"replies":[{"embeddable":true,"href":"https:\/\/poidekirik.ee\/index.php?rest_route=%2Fwp%2Fv2%2Fcomments&post=989"}],"version-history":[{"count":16,"href":"https:\/\/poidekirik.ee\/index.php?rest_route=\/wp\/v2\/pages\/989\/revisions"}],"predecessor-version":[{"id":1398,"href":"https:\/\/poidekirik.ee\/index.php?rest_route=\/wp\/v2\/pages\/989\/revisions\/1398"}],"wp:attachment":[{"href":"https:\/\/poidekirik.ee\/index.php?rest_route=%2Fwp%2Fv2%2Fmedia&parent=989"}],"curies":[{"name":"wp","href":"https:\/\/api.w.org\/{rel}","templated":true}]}}